{"id":3187,"date":"2021-03-15T21:49:17","date_gmt":"2021-03-15T20:49:17","guid":{"rendered":"https:\/\/www.bscf-chiemsee.de\/wordpress\/?page_id=3187"},"modified":"2026-01-11T17:57:33","modified_gmt":"2026-01-11T16:57:33","slug":"vereinschroniken","status":"publish","type":"page","link":"https:\/\/www.bscf-chiemsee.de\/wordpress\/?page_id=3187","title":{"rendered":"Vereinschroniken"},"content":{"rendered":"\n<div class=\"wp-block-columns is-layout-flex wp-container-core-columns-is-layout-28f84493 wp-block-columns-is-layout-flex\">\n<div class=\"wp-block-column is-layout-flow wp-block-column-is-layout-flow\">\n<figure class=\"wp-block-image size-full\"><a href=\"https:\/\/www.bscf-chiemsee.de\/wordpress\/?page_id=4998\"><img loading=\"lazy\" decoding=\"async\" width=\"512\" height=\"341\" src=\"https:\/\/www.bscf-chiemsee.de\/wordpress\/wp-content\/uploads\/2022\/05\/BSCF-Logo-q-edited.gif\" alt=\"\" class=\"wp-image-3748\"\/><\/a><figcaption class=\"wp-element-caption\"><a href=\"https:\/\/www.bscf-chiemsee.de\/wordpress\/?page_id=4998\" data-type=\"page\" data-id=\"4998\">Chronik der<br>Segelsaison 2025<\/a><\/figcaption><\/figure>\n<\/div>\n\n\n\n<div class=\"wp-block-column is-layout-flow wp-block-column-is-layout-flow\">\n<figure class=\"wp-block-image size-full\"><a href=\"https:\/\/www.bscf-chiemsee.de\/wordpress\/?page_id=4832\"><img loading=\"lazy\" decoding=\"async\" width=\"512\" height=\"341\" src=\"https:\/\/www.bscf-chiemsee.de\/wordpress\/wp-content\/uploads\/2022\/05\/BSCF-Logo-q-edited.gif\" alt=\"\" class=\"wp-image-3748\"\/><\/a><figcaption class=\"wp-element-caption\"><a href=\"https:\/\/www.bscf-chiemsee.de\/wordpress\/?page_id=4832\" data-type=\"page\" data-id=\"4832\">Chronik der<\/a><br><a href=\"https:\/\/www.bscf-chiemsee.de\/wordpress\/?page_id=4832\" data-type=\"page\" data-id=\"4832\">Segelsaison 2024<\/a><\/figcaption><\/figure>\n<\/div>\n\n\n\n<div class=\"wp-block-column is-layout-flow wp-block-column-is-layout-flow\"><div class=\"wp-block-image\">\n<figure class=\"aligncenter size-full\"><a href=\"https:\/\/www.bscf-chiemsee.de\/wordpress\/?page_id=4699\"><img loading=\"lazy\" decoding=\"async\" width=\"512\" height=\"341\" src=\"https:\/\/www.bscf-chiemsee.de\/wordpress\/wp-content\/uploads\/2022\/05\/BSCF-Logo-q-edited.gif\" alt=\"\" class=\"wp-image-3748\"\/><\/a><figcaption class=\"wp-element-caption\"><a href=\"https:\/\/www.bscf-chiemsee.de\/wordpress\/?page_id=4699\" data-type=\"page\" data-id=\"4699\">Chronik der <br>Segelsaison 2023<\/a><\/figcaption><\/figure>\n<\/div><\/div>\n<\/div>\n\n\n\n<div class=\"wp-block-columns is-layout-flex wp-container-core-columns-is-layout-28f84493 wp-block-columns-is-layout-flex\">\n<div class=\"wp-block-column is-layout-flow wp-block-column-is-layout-flow\"><div class=\"wp-block-image\">\n<figure class=\"aligncenter size-full\"><a href=\"https:\/\/www.bscf-chiemsee.de\/wordpress\/?page_id=3830\"><img loading=\"lazy\" decoding=\"async\" width=\"512\" height=\"341\" src=\"https:\/\/www.bscf-chiemsee.de\/wordpress\/wp-content\/uploads\/2022\/05\/BSCF-Logo-q-edited.gif\" alt=\"\" class=\"wp-image-3748\"\/><\/a><figcaption class=\"wp-element-caption\"><a href=\"https:\/\/www.bscf-chiemsee.de\/wordpress\/?page_id=4418\" data-type=\"page\" data-id=\"4418\">Chronik der <br>Segelsaison 2022<\/a><\/figcaption><\/figure>\n<\/div><\/div>\n\n\n\n<div class=\"wp-block-column is-layout-flow wp-block-column-is-layout-flow\"><div class=\"wp-block-image\">\n<figure class=\"aligncenter size-full\"><a href=\"https:\/\/www.bscf-chiemsee.de\/wordpress\/?page_id=3830\"><img loading=\"lazy\" decoding=\"async\" width=\"512\" height=\"341\" src=\"https:\/\/www.bscf-chiemsee.de\/wordpress\/wp-content\/uploads\/2022\/05\/BSCF-Logo-q-edited.gif\" alt=\"\" class=\"wp-image-3748\"\/><\/a><figcaption class=\"wp-element-caption\"><a href=\"https:\/\/www.bscf-chiemsee.de\/wordpress\/?page_id=3830\" data-type=\"page\" data-id=\"3830\">Chronik der <br>Segelsaison 2021<\/a><\/figcaption><\/figure>\n<\/div><\/div>\n\n\n\n<div class=\"wp-block-column is-layout-flow wp-block-column-is-layout-flow\"><div class=\"wp-block-image\">\n<figure class=\"aligncenter size-full\"><a href=\"https:\/\/www.bscf-chiemsee.de\/wordpress\/?page_id=3828\"><img loading=\"lazy\" decoding=\"async\" width=\"512\" height=\"341\" src=\"https:\/\/www.bscf-chiemsee.de\/wordpress\/wp-content\/uploads\/2022\/05\/BSCF-Logo-q-edited.gif\" alt=\"\" class=\"wp-image-3748\"\/><\/a><figcaption class=\"wp-element-caption\"><a href=\"https:\/\/www.bscf-chiemsee.de\/wordpress\/?page_id=3828\" data-type=\"page\" data-id=\"3828\">Chronik der <br>Segelsaison 2020<\/a><\/figcaption><\/figure>\n<\/div><\/div>\n<\/div>\n\n\n\n<div class=\"wp-block-columns is-layout-flex wp-container-core-columns-is-layout-28f84493 wp-block-columns-is-layout-flex\">\n<div class=\"wp-block-column is-layout-flow wp-block-column-is-layout-flow\"><div class=\"wp-block-image\">\n<figure class=\"aligncenter size-full\"><a href=\"https:\/\/www.bscf-chiemsee.de\/wordpress\/?page_id=3819\"><img loading=\"lazy\" decoding=\"async\" width=\"512\" height=\"341\" src=\"https:\/\/www.bscf-chiemsee.de\/wordpress\/wp-content\/uploads\/2022\/05\/BSCF-Logo-q-edited.gif\" alt=\"\" class=\"wp-image-3748\"\/><\/a><figcaption class=\"wp-element-caption\"><a href=\"https:\/\/www.bscf-chiemsee.de\/wordpress\/?page_id=3819\" data-type=\"page\" data-id=\"3819\">Chronik der <br>Segelsaison 2019<\/a><\/figcaption><\/figure>\n<\/div><\/div>\n\n\n\n<div class=\"wp-block-column is-layout-flow wp-block-column-is-layout-flow\"><div class=\"wp-block-image\">\n<figure class=\"aligncenter size-full\"><a href=\"https:\/\/www.bscf-chiemsee.de\/wordpress\/?page_id=3817\"><img loading=\"lazy\" decoding=\"async\" width=\"512\" height=\"341\" src=\"https:\/\/www.bscf-chiemsee.de\/wordpress\/wp-content\/uploads\/2022\/05\/BSCF-Logo-q-edited.gif\" alt=\"\" class=\"wp-image-3748\"\/><\/a><figcaption class=\"wp-element-caption\"><a href=\"https:\/\/www.bscf-chiemsee.de\/wordpress\/?page_id=3817\" data-type=\"page\" data-id=\"3817\">Chronik der <br>Segelsaison 2018<\/a><\/figcaption><\/figure>\n<\/div><\/div>\n\n\n\n<div class=\"wp-block-column is-layout-flow wp-block-column-is-layout-flow\"><div class=\"wp-block-image\">\n<figure class=\"aligncenter size-full\"><a href=\"https:\/\/www.bscf-chiemsee.de\/wordpress\/?page_id=3802\"><img loading=\"lazy\" decoding=\"async\" width=\"512\" height=\"341\" src=\"https:\/\/www.bscf-chiemsee.de\/wordpress\/wp-content\/uploads\/2022\/05\/BSCF-Logo-q-edited.gif\" alt=\"\" class=\"wp-image-3748\"\/><\/a><figcaption class=\"wp-element-caption\"><a href=\"https:\/\/www.bscf-chiemsee.de\/wordpress\/?page_id=3802\" data-type=\"page\" data-id=\"3802\">Chronik der <br>Segelsaison 2017<\/a><\/figcaption><\/figure>\n<\/div><\/div>\n<\/div>\n\n\n\n<div class=\"wp-block-columns is-layout-flex wp-container-core-columns-is-layout-28f84493 wp-block-columns-is-layout-flex\">\n<div class=\"wp-block-column is-layout-flow wp-block-column-is-layout-flow\"><div class=\"wp-block-image\">\n<figure class=\"aligncenter size-full\"><a href=\"https:\/\/www.bscf-chiemsee.de\/wordpress\/?page_id=3796\"><img loading=\"lazy\" decoding=\"async\" width=\"512\" height=\"341\" src=\"https:\/\/www.bscf-chiemsee.de\/wordpress\/wp-content\/uploads\/2022\/05\/BSCF-Logo-q-edited.gif\" alt=\"\" class=\"wp-image-3748\"\/><\/a><figcaption class=\"wp-element-caption\"><a href=\"https:\/\/www.bscf-chiemsee.de\/wordpress\/?page_id=3796\" data-type=\"page\" data-id=\"3796\">Chronik der <br>Segelsaison 2016<\/a><\/figcaption><\/figure>\n<\/div><\/div>\n\n\n\n<div class=\"wp-block-column is-layout-flow wp-block-column-is-layout-flow\">\n<figure class=\"wp-block-image size-large\"><a href=\"https:\/\/www.bscf-chiemsee.de\/wordpress\/wp-content\/uploads\/chronicle\/Festschrift_BSCF_50_Jahre.pdf\"><img loading=\"lazy\" decoding=\"async\" width=\"716\" height=\"1011\" src=\"https:\/\/www.bscf-chiemsee.de\/wordpress\/wp-content\/uploads\/2020\/05\/Festschrift_BSCF_50_Jahre.jpg\" alt=\"\" class=\"wp-image-2873\" srcset=\"https:\/\/www.bscf-chiemsee.de\/wordpress\/wp-content\/uploads\/2020\/05\/Festschrift_BSCF_50_Jahre.jpg 716w, https:\/\/www.bscf-chiemsee.de\/wordpress\/wp-content\/uploads\/2020\/05\/Festschrift_BSCF_50_Jahre-600x847.jpg 600w, https:\/\/www.bscf-chiemsee.de\/wordpress\/wp-content\/uploads\/2020\/05\/Festschrift_BSCF_50_Jahre-212x300.jpg 212w, https:\/\/www.bscf-chiemsee.de\/wordpress\/wp-content\/uploads\/2020\/05\/Festschrift_BSCF_50_Jahre-106x150.jpg 106w\" sizes=\"auto, (max-width: 716px) 100vw, 716px\" \/><\/a><\/figure>\n<\/div>\n\n\n\n<div class=\"wp-block-column is-layout-flow wp-block-column-is-layout-flow\">\n<figure class=\"wp-block-image size-large is-resized\"><a href=\"https:\/\/www.bscf-chiemsee.de\/wordpress\/wp-content\/uploads\/chronicle\/Chronik2015.pdf\"><img decoding=\"async\" src=\"https:\/\/www.bscf-chiemsee.de\/wordpress\/wp-content\/uploads\/2016\/02\/Chronik2015.jpg\" alt=\"\" style=\"width:259px;height:366px\"\/><\/a><\/figure>\n<\/div>\n<\/div>\n\n\n\n<div class=\"wp-block-columns is-layout-flex wp-container-core-columns-is-layout-28f84493 wp-block-columns-is-layout-flex\">\n<div class=\"wp-block-column is-layout-flow wp-block-column-is-layout-flow\">\n<figure class=\"wp-block-image size-large\"><a href=\"https:\/\/www.bscf-chiemsee.de\/wordpress\/wp-content\/uploads\/chronicle\/Chronik2014.pdf\"><img decoding=\"async\" src=\"https:\/\/www.bscf-chiemsee.de\/wordpress\/wp-content\/uploads\/2016\/02\/Chronik2014.jpg\" alt=\"\"\/><\/a><\/figure>\n<\/div>\n\n\n\n<div class=\"wp-block-column is-layout-flow wp-block-column-is-layout-flow\">\n<figure class=\"wp-block-image size-large\"><a href=\"https:\/\/www.bscf-chiemsee.de\/wordpress\/wp-content\/uploads\/chronicle\/Chronik2013.pdf\"><img decoding=\"async\" src=\"https:\/\/www.bscf-chiemsee.de\/wordpress\/wp-content\/uploads\/2016\/02\/Chronik2013.jpg\" alt=\"\"\/><\/a><\/figure>\n<\/div>\n\n\n\n<div class=\"wp-block-column is-layout-flow wp-block-column-is-layout-flow\">\n<figure class=\"wp-block-image size-large\"><a href=\"https:\/\/www.bscf-chiemsee.de\/wordpress\/wp-content\/uploads\/chronicle\/Chronik2012.pdf\"><img decoding=\"async\" src=\"https:\/\/www.bscf-chiemsee.de\/wordpress\/wp-content\/uploads\/2016\/02\/Chronik2012.jpg\" alt=\"\"\/><\/a><\/figure>\n<\/div>\n<\/div>\n\n\n\n<div class=\"wp-block-columns is-layout-flex wp-container-core-columns-is-layout-28f84493 wp-block-columns-is-layout-flex\">\n<div class=\"wp-block-column is-layout-flow wp-block-column-is-layout-flow\">\n<figure class=\"wp-block-image size-large\"><a href=\"https:\/\/www.bscf-chiemsee.de\/wordpress\/wp-content\/uploads\/chronicle\/Chronik2011.pdf\"><img decoding=\"async\" src=\"https:\/\/www.bscf-chiemsee.de\/wordpress\/wp-content\/uploads\/2016\/02\/Chronik2011.jpg\" alt=\"\"\/><\/a><\/figure>\n<\/div>\n\n\n\n<div class=\"wp-block-column is-layout-flow wp-block-column-is-layout-flow\">\n<figure class=\"wp-block-image size-large\"><a href=\"https:\/\/www.bscf-chiemsee.de\/wordpress\/wp-content\/uploads\/chronicle\/Chronik2010.pdf\"><img decoding=\"async\" src=\"https:\/\/www.bscf-chiemsee.de\/wordpress\/wp-content\/uploads\/2016\/02\/Chronik2010.jpg\" alt=\"\"\/><\/a><\/figure>\n<\/div>\n\n\n\n<div class=\"wp-block-column is-layout-flow wp-block-column-is-layout-flow\">\n<figure class=\"wp-block-image size-large\"><a href=\"https:\/\/www.bscf-chiemsee.de\/wordpress\/wp-content\/uploads\/chronicle\/Chronik2009.pdf\"><img decoding=\"async\" src=\"https:\/\/www.bscf-chiemsee.de\/wordpress\/wp-content\/uploads\/2016\/02\/Chronik2009.jpg\" alt=\"\"\/><\/a><\/figure>\n<\/div>\n<\/div>\n\n\n\n<div class=\"wp-block-columns is-layout-flex wp-container-core-columns-is-layout-28f84493 wp-block-columns-is-layout-flex\">\n<div class=\"wp-block-column is-layout-flow wp-block-column-is-layout-flow\">\n<figure class=\"wp-block-image size-large\"><a href=\"https:\/\/www.bscf-chiemsee.de\/wordpress\/wp-content\/uploads\/chronicle\/Chronik2008.pdf\"><img decoding=\"async\" src=\"https:\/\/www.bscf-chiemsee.de\/wordpress\/wp-content\/uploads\/2016\/02\/Chronik2008.jpg\" alt=\"\"\/><\/a><\/figure>\n<\/div>\n\n\n\n<div class=\"wp-block-column is-layout-flow wp-block-column-is-layout-flow\">\n<figure class=\"wp-block-image size-large\"><a href=\"https:\/\/www.bscf-chiemsee.de\/wordpress\/wp-content\/uploads\/chronicle\/Chronik2007.pdf\"><img decoding=\"async\" src=\"https:\/\/www.bscf-chiemsee.de\/wordpress\/wp-content\/uploads\/2016\/02\/Chronik2007.jpg\" alt=\"\"\/><\/a><\/figure>\n<\/div>\n\n\n\n<div class=\"wp-block-column is-layout-flow wp-block-column-is-layout-flow\">\n<figure class=\"wp-block-image size-large\"><a href=\"https:\/\/www.bscf-chiemsee.de\/wordpress\/wp-content\/uploads\/chronicle\/Chronik2006.pdf\"><img decoding=\"async\" src=\"https:\/\/www.bscf-chiemsee.de\/wordpress\/wp-content\/uploads\/2016\/02\/Chronik2006.jpg\" alt=\"\"\/><\/a><\/figure>\n<\/div>\n<\/div>\n\n\n\n<div class=\"wp-block-columns is-layout-flex wp-container-core-columns-is-layout-28f84493 wp-block-columns-is-layout-flex\">\n<div class=\"wp-block-column is-layout-flow wp-block-column-is-layout-flow\">\n<figure class=\"wp-block-image size-large\"><a href=\"https:\/\/www.bscf-chiemsee.de\/wordpress\/wp-content\/uploads\/chronicle\/Chronik2005.pdf\"><img decoding=\"async\" src=\"https:\/\/www.bscf-chiemsee.de\/wordpress\/wp-content\/uploads\/2016\/02\/Chronik2005.jpg\" alt=\"\"\/><\/a><\/figure>\n<\/div>\n\n\n\n<div class=\"wp-block-column is-layout-flow wp-block-column-is-layout-flow\">\n<figure class=\"wp-block-image size-large\"><a href=\"https:\/\/www.bscf-chiemsee.de\/wordpress\/wp-content\/uploads\/chronicle\/Chronik2004.pdf\"><img decoding=\"async\" src=\"https:\/\/www.bscf-chiemsee.de\/wordpress\/wp-content\/uploads\/2016\/02\/Chronik2004.jpg\" alt=\"\"\/><\/a><\/figure>\n<\/div>\n\n\n\n<div class=\"wp-block-column is-layout-flow wp-block-column-is-layout-flow\">\n<figure class=\"wp-block-image size-large\"><a href=\"https:\/\/www.bscf-chiemsee.de\/wordpress\/wp-content\/uploads\/chronicle\/Chronik2003.pdf\"><img decoding=\"async\" src=\"https:\/\/www.bscf-chiemsee.de\/wordpress\/wp-content\/uploads\/2016\/02\/Chronik2003.jpg\" alt=\"\"\/><\/a><\/figure>\n<\/div>\n<\/div>\n\n\n\n<p>Am 1. April 1968 setzten sich 12 Segler in der damaligen Pension Strandhaus zusammen und gr\u00fcndeten einen Segelclub. Es waren zumeist befreundete Segler, die von Felden aus zum Segeln ablegten und sich in oder an der Pension Strandhaus trafen. Es gab damals weder ein Clubgel\u00e4nde, noch Club-Liegepl\u00e4tze. Einige Boote lagen bei Lackerschmid, andere im Irschener Winkel an Bojen oder wurden nach dem Segeln an Land gezogen und im Schilf hinter dem Uferweg abgestellt.<\/p>\n\n\n\n<p>Sie gaben dem Segelclub den Namen \u201eBernauer Segel-Club\u201c. Sp\u00e4ter musste der Name des Clubs um den Zusatz \u201eFelden\u201c erweitert werden, da es bereits einen Club mit den Initialen BSC gab. Der neue Name wurde im Vereinsregister eingetragen&nbsp; und erhielt somit die Bezeichnung \u201eBernauer Segel-Club e.V. Felden\u201c (BSCF). Damit hatte sich endg\u00fcltig in Felden ein Segelclub etabliert.<\/p>\n\n\n\n<p>Ein Jahr nach der Gr\u00fcndung bestand der BSCF bereits aus 22 Mitglieder und ein weiteres Jahr danach aus 51 Mitgliedern. Schon aus dem Kreis seiner Gr\u00fcndungsmitglieder heraus war der BSCF kein Club von Million\u00e4ren oder Yacht-Snobs. Die Aufnahmegeb\u00fchren und Beitr\u00e4ge wurden bewusst niedrig gehalten, um einem m\u00f6glichst gro\u00dfen Kreis Segelsport-Begeisterter den Beitritt zu erm\u00f6glichen. Diese Einstellung hat sich bis heute gehalten. Zu den urspr\u00fcnglich vorwiegend aus Bernau stammenden Mitgliedern kamen Neue aus den Nachbargemeinden sowie aus dem Raum M\u00fcnchen oder noch weiter entfernten Gegenden hinzu.<\/p>\n\n\n\n<p><strong>1969&nbsp;&nbsp; <\/strong>Der BSCF kauft die alte Startprahm des Chiemsee-Yacht-Clubs (CYC) und repariert sie. Die erste clubeigene Startprahm f\u00fcr die Regattat\u00e4tigkeit des Clubs ist entstanden.<\/p>\n\n\n\n<p><strong>1970&nbsp;&nbsp; <\/strong>Zum ersten Mal wird die Hochzeit eines Clubmitgliedes im Clubkreis mit seglerischen Geleitzug zur Fraueninsel zur Trauung gefeiert. 1975 findet noch ein 2. Mal eine \u00e4hnliche Clubhochzeit statt.<\/p>\n\n\n\n<p>Neben j\u00e4hrlichen clubinternen Segelveranstaltungen (An- und Absegeln, Hindernisregatta) werden im August erstmals eine Viertel-Tonner-Regatta offen ausgeschrieben, die dann j\u00e4hrlich statt findet.<\/p>\n\n\n\n<p><strong>1971&nbsp;&nbsp; <\/strong>Das heutige Clubgel\u00e4nde des BSCF wird vom Autobahnamt gepachtet. Zun\u00e4chst soll der bereits dort vorhandene Steg der Justizvollzugsanstalt Bernau (JVA) verl\u00e4ngert werden und als Clubsteg dienen. Aufgrund der gro\u00dfen Wassertiefe ist jedoch eine Verl\u00e4ngerung nicht m\u00f6glich.<\/p>\n\n\n\n<p>Daraufhin wird eine neue Steganlage gebaut, in der Form, wie sie heute noch besteht.<\/p>\n\n\n\n<p><strong>1972&nbsp;&nbsp; <\/strong>Aufgrund der relativ niedrigen Pachtsumme ist es die Aufgabe des BSCF das Gel\u00e4nde herzurichten und zu pflegen. Es werden Fahrwege zwischen Slipanlage und Landliege \u2013 Pl\u00e4tzen angelegt, die Slipanlage auch f\u00fcr schwerere Boote entsprechend umgebaut.<\/p>\n\n\n\n<p>Nach und nach werden der Takelmast aufgestellt, eine Uferbefestigung und eine Sitzgruppe gebaut, ein Ger\u00e4teschuppen, Regale f\u00fcr Surfbretter und Opti \u2013 Boote errichtet. Auch dies besteht noch in der heutigen Form, entstanden durch die Zusammenarbeit vieler freiwilliger Helfer.&nbsp;<\/p>\n\n\n\n<p>Die ersten Kurse und Pr\u00fcfungen zum Segelschein \u201eA\u201c des Deutschen Segler Verbands (DSV) werden abgehalten.<\/p>\n\n\n\n<p><strong>1973&nbsp;&nbsp; <\/strong>Die Jugendarbeit des BSCF wird aufgenommen, mit der Absolvierung des ersten J\u00fcngsten \u2013 Segelscheins. Mehr \u00fcber unsere Jugendarbeit unter dem Link \u201eJugend\u201c.<\/p>\n\n\n\n<p><strong>1974<\/strong>&nbsp;&nbsp; Weitere Regatten werden offen ausgeschrieben: eine Sailhorse \u2013 Pokalregatta und eine Pokalregatta der Neptun &#8211; Klasse.<\/p>\n\n\n\n<p><strong>1975&nbsp;&nbsp; <\/strong>&nbsp;&nbsp;&nbsp;&nbsp;&nbsp;&nbsp;&nbsp;&nbsp;&nbsp;&nbsp;&nbsp; Mit der 1. Deutschen Meisterschaft der Windsurfer richtet der BSCF seine erste gro\u00dfe Meisterschaftsregatta aus.<\/p>\n\n\n\n<p>Bei den Seglern findet die erste S\u00fcdkreuzer \u2013 Pokalregatta statt.<\/p>\n\n\n\n<p>Um das gesellige Clubleben auch weiterhin in gewohnter Weise zu erhalten, wird eine \u201eInitiativ \u2013 Gruppe\u201c gegr\u00fcndet, deren Leiter den Spitznamen \u201eLustwart\u201c erh\u00e4lt. Diese Gruppe legt auch gleich den Grundstein f\u00fcr eine Veranstaltung, die bis heute noch j\u00e4hrlich statt findet: das Sommer \u2013 Grillfest.<\/p>\n\n\n\n<p><strong>1976<\/strong>&nbsp;&nbsp; Die Initiativgruppe organisiert im Februar die erste Ski \u2013 Faschings \u2013 Veranstaltung in Gschwendt, im Dezember die erste Nikolausfeier, die auch bis heute noch j\u00e4hrlich statt findet. Ebenso das gemeinsame Skifahren ist zur Tradition geworden, mittlerweile aber zur Skiwoche ausgedehnt und meist in S\u00fcdtirol abgehalten.<\/p>\n\n\n\n<p><strong>1977<\/strong>&nbsp;&nbsp; Unter dem Titel \u201eRund um d`Insln\u201c richtet der BSCF die erste gro\u00dfe seeumgreifende Langstrecken \u2013 Regatta aus.<\/p>\n\n\n\n<p><strong>1978<\/strong>&nbsp;&nbsp; Zum ersten Mal wird am BSCF eine Meisterschaft \u00fcber eine ganze Woche ausgetragen, die Deutsche Meisterschaft der 16-qm-Jollenkreuzer. Die Veranstaltung wird in Zusammenarbeit mit dem Messerschmitt-B\u00f6lkow Segel-Club (MBSC) organisiert. Der Klassenvereinigung gefiel die Ausrichtung und das Rahmenprogramm so gut, dass sie 12 Jahre sp\u00e4ter den Club erneut um die Ausrichtung ihrer Deutschen Meisterschaft bat.<\/p>\n\n\n\n<p>Eine weitere Tradition, bis heute aufrecht erhalten findet ihren Beginn, die abendliche Lampionfahrt zur Rottm\u00fcndung mit dortiger Ankerung.<\/p>\n\n\n\n<p><strong>1980&nbsp;&nbsp; <\/strong>Der BSCF veranstaltet zum ersten Mal eine Europa-Meisterschaft, f\u00fcr die Sailhorse \u2013 Klasse.<\/p>\n\n\n\n<p>Eine neue Startprahm wird angeschafft.<\/p>\n\n\n\n<p><strong>1982&nbsp;&nbsp; <\/strong>Das Club \u2013 Grundst\u00fcck wird an die Gemeinde Bernau verkauft, der BSCF erh\u00e4lt einen neuen Pachtvertrag.<\/p>\n\n\n\n<p>Der Weststeg muss komplett erneuert werden.<\/p>\n\n\n\n<p><strong>1983<\/strong>&nbsp;&nbsp; Die erste Oldtimer \u2013 Regatta wird ausgerichtet, mit sch\u00f6nen alten Holzschiffen der Traditionsklassen.<\/p>\n\n\n\n<p><strong>1984&nbsp;&nbsp; <\/strong>Auch der Oststeg muss erneuert werden, der Antrag hierf\u00fcr scheitert jedoch an der Gemeinde Bernau, die Einspruch einlegt. Nach dem strengen Winter 1984\/85 ist der Steg trotz Freis\u00e4gen vom Eis nicht mehr benutzbar und wird 1985 doch komplett erneuert.<\/p>\n\n\n\n<p><strong>1985<\/strong>&nbsp;&nbsp; Sogenannte \u201eSeglerhocks\u201c werden von der Initiativgruppe organisiert, damit sich die Mitglieder auch im Winter treffen.<\/p>\n\n\n\n<p>Ein Pachtvertrag mit der Schl\u00f6sser- und Seenverwaltung f\u00fcr die beiden Stege und die Slipanlage wird geschlossen, inklusive einiger Meter Uferstreifen, der nicht der Gemeinde Bernau geh\u00f6rt. F\u00fcr den der Gemeinde geh\u00f6renden Teil des Clubgel\u00e4ndes wird ein privatrechtlicher Pachtvertrag geschlossen. Durch die insgesamt h\u00f6heren Pachtgeb\u00fchren, m\u00fcssen auch die Mitgliedsgeb\u00fchren des BSCF erh\u00f6ht werden.<\/p>\n\n\n\n<p>Die Zahl der auszurichtenden Regatten steigt. F\u00fcr eine bessere Abwicklung ein ausgedienter Bauwagen als Regatta \u2013 B\u00fcro angeschafft.<\/p>\n\n\n\n<p>Durch die mittlerweile gro\u00dfe Beanspruchung der freiwilligen Helfer \u2013 T\u00e4tigkeit wird die aufwendige Hindernisregatta durch eine einfachere \u201eKreuz und Quer \u2013 Regatta\u201c ersetzt.<\/p>\n\n\n\n<p><strong>1988<\/strong>&nbsp;&nbsp; 20 \u2013 j\u00e4hriges Jubil\u00e4um des BSCF. Ein Wochenende wird zu Wasser und zu Land gefeiert, mit Shanty \u2013 Chor der Marine \u2013 Veteranen, Match \u2013 Races, Kutter \u2013 Segeln, Tauchvorf\u00fchrungen, etc.<\/p>\n\n\n\n<p><strong>1990<\/strong>&nbsp;&nbsp; Erstmalig findet eine deutsch-amerikanische Freundschaftsregatta mit Seglern des benachbarten Hafens des AFRC statt.<\/p>\n\n\n\n<p><strong>1991<\/strong>&nbsp;&nbsp; Das erste gro\u00dfe Hochwasser wird dem Clubgel\u00e4nde des BSCF beschert. Die Festmacher \u2013 Poller der Schiffe sind nicht mehr zu sehen, das Clubgel\u00e4nde und die Uferstra\u00dfe nicht mehr befahrbar. Mit vielen freiwilligen Helfern werden die Schiffe lockerer angebunden, damit sie nicht die Stege und Poller aus der Verankerung ziehen.<\/p>\n\n\n\n<p><strong>1992&nbsp;&nbsp; <\/strong>Der ehemalige 1. Vorstand des BSCF Max Speicher wird zum Ehrenpr\u00e4sident ernannt.<\/p>\n\n\n\n<p>Eine Umgehungsstra\u00dfe teilt das Clubgel\u00e4nde, wodurch der Club seinen Parkplatz verliert. Stattdessen darf vor dem Clubgel\u00e4nde nur mit einer Dauerparkkarte geparkt werden, wodurch Fremde die Pl\u00e4tze nicht mehr belegen k\u00f6nnen.<\/p>\n\n\n\n<p><strong>1993<\/strong>&nbsp;&nbsp; 25 \u2013 j\u00e4hrige Jubil\u00e4um des BSCF.<\/p>\n\n\n\n<p>Aufgrund der Aussage, die Amerikanischen Streitkr\u00e4fte geben das Gel\u00e4nde des AFRC 1994 frei, konnte die Gemeinde Bernau einen Teil des Rasthaus \u2013 Steges erneuern. Dies erm\u00f6glichte dem BSCF seinen Zugang zum Oststeg neu zu gestalten.<\/p>\n\n\n\n<p><strong>1994&nbsp;&nbsp; <\/strong>Abschiedsregatta der AFRC\/BSCF \u2013 Farewell \u2013 Regatta mit Rekordbeteiligung von \u00fcber 70 Schiffen.<\/p>\n\n\n\n<p><strong>1995&nbsp;&nbsp; <\/strong>Wieder trifft den Club ein gro\u00dfes Hochwasser, das 4. mittlerweile, das auch diesmal mehr oder weniger unbeschadet vor\u00fcbergeht.<\/p>\n\n\n\n<p>Die Amerikanischen Streitkr\u00e4fte behalten das Gel\u00e4nde des AFRC, somit werden sie mit einer Comeback \u2013 Regatta nach der letztj\u00e4hrigen Abschiedsregatta wieder begr\u00fc\u00dft.<\/p>\n\n\n\n<p>Die Slipanlage erh\u00e4lt im Winter 1995\/96 einen Antirutsch \u2013 Rost und wird tiefer ausgebaggert.<\/p>\n\n\n\n<p><strong>1996<\/strong>&nbsp;&nbsp; Das Landratsamt Traunstein genehmigt offiziell beide Stege des BSCF, worum der Club seit 1972 k\u00e4mpfte.<\/p>\n\n\n\n<p><strong>1997<\/strong>&nbsp;&nbsp; Der als Regattab\u00fcro genutzte Bauwagen muss ersetzt werden. In viel Eigenarbeit freiwilliger Clubmitglieder entsteht ein neues Clubgeb\u00e4ude. Heinz Wittkowski erh\u00e4lt den Titel des \u201eEhren \u2013 H\u00fcttenbaumeister\u201c.<\/p>\n\n\n\n<p><strong>1998<\/strong>&nbsp;&nbsp; Das neue Clubheim mit Ger\u00e4teraum ist von den Beh\u00f6rden genehmigt.<\/p>\n\n\n\n<p>Peter Teisl erh\u00e4lt die Goldene Vereinsnadel f\u00fcr 30-j\u00e4hrige Mitgliedschaft und 25 Jahre T\u00e4tigkeit in verschiedenen \u00c4mtern.<\/p>\n\n\n\n<p><strong>1999<\/strong>&nbsp;&nbsp; Durch eine Satzungs\u00e4nderung f\u00fchrt sich die Jugendabteilung nun selbstst\u00e4ndig. Das Jugendteam entscheidet ebenfalls eigenverantwortlich \u00fcber die Verwendung der ihr zukommenden Finanzen.<\/p>\n\n\n\n<p>Der BSCF erh\u00e4lt ein eigenes Clubschiff, eine Soling, die allen Mitgliedern zur Verf\u00fcgung steht. Gerhard Hainz wird Taufpate.<\/p>\n\n\n\n<p><strong>2000<\/strong>&nbsp;&nbsp; Die neue Jugendordnung wird einstimmig angenommen.<\/p>\n\n\n\n<p><strong>2001<\/strong>&nbsp;&nbsp; Zum ersten Mal findet die Chiemsee \u2013 Meisterschaft statt.<\/p>\n\n\n\n<p>Die Steganlage wird erneuert, die Stegpfosten erhalten Kupfer \u2013 Kronen.<\/p>\n\n\n\n<p><strong>2002<\/strong>&nbsp;&nbsp; Das 5. gro\u00dfe Hochwasser trifft den BSCF, das wieder gut \u00fcberstanden wird.<\/p>\n","protected":false},"excerpt":{"rendered":"<p>Am 1. April 1968 setzten sich 12 Segler in der damaligen Pension Strandhaus zusammen und gr\u00fcndeten einen Segelclub. Es waren zumeist befreundete Segler, die von Felden aus zum Segeln ablegten und sich in oder an der Pension Strandhaus trafen. Es gab damals weder ein Clubgel\u00e4nde, noch Club-Liegepl\u00e4tze. Einige Boote lagen bei Lackerschmid, andere im Irschener [&hellip;]<\/p>\n","protected":false},"author":1,"featured_media":0,"parent":0,"menu_order":0,"comment_status":"closed","ping_status":"closed","template":"","meta":{"footnotes":""},"class_list":["post-3187","page","type-page","status-publish","hentry"],"_links":{"self":[{"href":"https:\/\/www.bscf-chiemsee.de\/wordpress\/index.php?rest_route=\/wp\/v2\/pages\/3187","targetHints":{"allow":["GET"]}}],"collection":[{"href":"https:\/\/www.bscf-chiemsee.de\/wordpress\/index.php?rest_route=\/wp\/v2\/pages"}],"about":[{"href":"https:\/\/www.bscf-chiemsee.de\/wordpress\/index.php?rest_route=\/wp\/v2\/types\/page"}],"author":[{"embeddable":true,"href":"https:\/\/www.bscf-chiemsee.de\/wordpress\/index.php?rest_route=\/wp\/v2\/users\/1"}],"replies":[{"embeddable":true,"href":"https:\/\/www.bscf-chiemsee.de\/wordpress\/index.php?rest_route=%2Fwp%2Fv2%2Fcomments&post=3187"}],"version-history":[{"count":15,"href":"https:\/\/www.bscf-chiemsee.de\/wordpress\/index.php?rest_route=\/wp\/v2\/pages\/3187\/revisions"}],"predecessor-version":[{"id":5003,"href":"https:\/\/www.bscf-chiemsee.de\/wordpress\/index.php?rest_route=\/wp\/v2\/pages\/3187\/revisions\/5003"}],"wp:attachment":[{"href":"https:\/\/www.bscf-chiemsee.de\/wordpress\/index.php?rest_route=%2Fwp%2Fv2%2Fmedia&parent=3187"}],"curies":[{"name":"wp","href":"https:\/\/api.w.org\/{rel}","templated":true}]}}