{"id":3194,"date":"2021-03-15T22:24:26","date_gmt":"2021-03-15T21:24:26","guid":{"rendered":"https:\/\/www.bscf-chiemsee.de\/wordpress\/?page_id=3194"},"modified":"2022-04-26T22:45:04","modified_gmt":"2022-04-26T20:45:04","slug":"3194-2","status":"publish","type":"page","link":"https:\/\/www.bscf-chiemsee.de\/wordpress\/?page_id=3194","title":{"rendered":"Mitgliedsantrag \/ Liegepl\u00e4tze"},"content":{"rendered":"\n<h2 class=\"wp-block-heading\" id=\"liegeplatze\">Liegepl\u00e4tze<\/h2>\n\n\n\n<p><strong>Landliegepl\u00e4tze<\/strong>: Boote\/Jollen bis max. 400 KG segelfertig, max. 2,00 m Breite, max. 6,00 m L\u00e4nge.<\/p>\n\n\n\n<p><strong>Wasserliegepl\u00e4tze<\/strong>: Warteliste ausschlie\u00dflich f\u00fcr Clubmitglieder. Derzeit befinden sich ca. 20 Wartende auf der Liste. Wartezeit ist abh\u00e4ngig von den zur\u00fcckgegebenen Liegepl\u00e4tzen.<\/p>\n\n\n\n<h2 class=\"wp-block-heading\" id=\"mitgliedsantrag\">Mitgliedsantrag<\/h2>\n\n\n\n<p>Bitte f\u00fcllen Sie die unten angegebenen Felder aus um einen Mitgliedsantrag zu beantragen.<\/p>\n\n\n\n<div class=\"wp-block-contact-form-7-contact-form-selector\">\n<div class=\"wpcf7 no-js\" id=\"wpcf7-f3283-o1\" lang=\"de-DE\" dir=\"ltr\" data-wpcf7-id=\"3283\">\n<div class=\"screen-reader-response\"><p role=\"status\" aria-live=\"polite\" aria-atomic=\"true\"><\/p> <ul><\/ul><\/div>\n<form action=\"\/wordpress\/index.php?rest_route=%2Fwp%2Fv2%2Fpages%2F3194#wpcf7-f3283-o1\" method=\"post\" class=\"wpcf7-form init\" aria-label=\"Kontaktformular\" novalidate=\"novalidate\" data-status=\"init\">\n<fieldset class=\"hidden-fields-container\"><input type=\"hidden\" name=\"_wpcf7\" value=\"3283\" \/><input type=\"hidden\" name=\"_wpcf7_version\" value=\"6.1.5\" \/><input type=\"hidden\" name=\"_wpcf7_locale\" value=\"de_DE\" \/><input type=\"hidden\" name=\"_wpcf7_unit_tag\" value=\"wpcf7-f3283-o1\" \/><input type=\"hidden\" name=\"_wpcf7_container_post\" value=\"0\" \/><input type=\"hidden\" name=\"_wpcf7_posted_data_hash\" value=\"\" \/>\n<\/fieldset>\n<p><label> Name<br \/>\n<span class=\"wpcf7-form-control-wrap\" data-name=\"your-name\"><input size=\"40\" maxlength=\"400\" class=\"wpcf7-form-control wpcf7-text wpcf7-validates-as-required\" aria-required=\"true\" aria-invalid=\"false\" value=\"\" type=\"text\" name=\"your-name\" \/><\/span> <\/label>\n<\/p>\n<p><label> Adresse<br \/>\n<span class=\"wpcf7-form-control-wrap\" data-name=\"your-address\"><input size=\"40\" maxlength=\"400\" class=\"wpcf7-form-control wpcf7-text\" aria-invalid=\"false\" value=\"\" type=\"text\" name=\"your-address\" \/><\/span> <\/label>\n<\/p>\n<p><label> Telefon<br \/>\n<span class=\"wpcf7-form-control-wrap\" data-name=\"your-phone\"><input size=\"40\" maxlength=\"400\" class=\"wpcf7-form-control wpcf7-text\" aria-invalid=\"false\" value=\"\" type=\"text\" name=\"your-phone\" \/><\/span><br \/>\n<\/label>\n<\/p>\n<p><label> E-Mail<br \/>\n<span class=\"wpcf7-form-control-wrap\" data-name=\"your-email\"><input size=\"40\" maxlength=\"400\" class=\"wpcf7-form-control wpcf7-email wpcf7-validates-as-required wpcf7-text wpcf7-validates-as-email\" aria-required=\"true\" aria-invalid=\"false\" value=\"\" type=\"email\" name=\"your-email\" \/><\/span><br \/>\n<\/label>\n<\/p>\n<p><label> Deine Nachricht (optional)<br \/>\n<span class=\"wpcf7-form-control-wrap\" data-name=\"your-message\"><textarea cols=\"40\" rows=\"10\" maxlength=\"2000\" class=\"wpcf7-form-control wpcf7-textarea\" aria-invalid=\"false\" name=\"your-message\"><\/textarea><\/span> <\/label>\n<\/p>\n<p><input class=\"wpcf7-form-control wpcf7-submit has-spinner\" type=\"submit\" value=\"Senden\" \/>\n<\/p><div class=\"wpcf7-response-output\" aria-hidden=\"true\"><\/div>\n<\/form>\n<\/div>\n<\/div>\n\n\n\n<p><\/p>\n","protected":false},"excerpt":{"rendered":"<p>Liegepl\u00e4tze Landliegepl\u00e4tze: Boote\/Jollen bis max. 400 KG segelfertig, max. 2,00 m Breite, max. 6,00 m L\u00e4nge. Wasserliegepl\u00e4tze: Warteliste ausschlie\u00dflich f\u00fcr Clubmitglieder. Derzeit befinden sich ca. 20 Wartende auf der Liste. Wartezeit ist abh\u00e4ngig von den zur\u00fcckgegebenen Liegepl\u00e4tzen. Mitgliedsantrag Bitte f\u00fcllen Sie die unten angegebenen Felder aus um einen Mitgliedsantrag zu beantragen.<\/p>\n","protected":false},"author":1,"featured_media":0,"parent":0,"menu_order":0,"comment_status":"closed","ping_status":"closed","template":"","meta":{"footnotes":""},"class_list":["post-3194","page","type-page","status-publish","hentry"],"_links":{"self":[{"href":"https:\/\/www.bscf-chiemsee.de\/wordpress\/index.php?rest_route=\/wp\/v2\/pages\/3194","targetHints":{"allow":["GET"]}}],"collection":[{"href":"https:\/\/www.bscf-chiemsee.de\/wordpress\/index.php?rest_route=\/wp\/v2\/pages"}],"about":[{"href":"https:\/\/www.bscf-chiemsee.de\/wordpress\/index.php?rest_route=\/wp\/v2\/types\/page"}],"author":[{"embeddable":true,"href":"https:\/\/www.bscf-chiemsee.de\/wordpress\/index.php?rest_route=\/wp\/v2\/users\/1"}],"replies":[{"embeddable":true,"href":"https:\/\/www.bscf-chiemsee.de\/wordpress\/index.php?rest_route=%2Fwp%2Fv2%2Fcomments&post=3194"}],"version-history":[{"count":5,"href":"https:\/\/www.bscf-chiemsee.de\/wordpress\/index.php?rest_route=\/wp\/v2\/pages\/3194\/revisions"}],"predecessor-version":[{"id":3717,"href":"https:\/\/www.bscf-chiemsee.de\/wordpress\/index.php?rest_route=\/wp\/v2\/pages\/3194\/revisions\/3717"}],"wp:attachment":[{"href":"https:\/\/www.bscf-chiemsee.de\/wordpress\/index.php?rest_route=%2Fwp%2Fv2%2Fmedia&parent=3194"}],"curies":[{"name":"wp","href":"https:\/\/api.w.org\/{rel}","templated":true}]}}