{"id":3202,"date":"2021-03-15T22:42:25","date_gmt":"2021-03-15T21:42:25","guid":{"rendered":"https:\/\/www.bscf-chiemsee.de\/wordpress\/?page_id=3202"},"modified":"2021-03-17T00:51:49","modified_gmt":"2021-03-16T23:51:49","slug":"mitgliederbereich","status":"publish","type":"page","link":"https:\/\/www.bscf-chiemsee.de\/wordpress\/?page_id=3202","title":{"rendered":"Mitgliederbereich"},"content":{"rendered":"\n<p>Dieser Bereich ist Mitgliedern des BSCF vorbehalten.<\/p>\n\n\n\n<p>Mitglieder k\u00f6nnen sich <a href=\"https:\/\/www.bscf-chiemsee.de\/wordpress\/wp-login.php?action=register\">hier registrieren<\/a>, oder wenn Sie bereits registriert sind <a href=\"https:\/\/www.bscf-chiemsee.de\/wordpress\/wp-login.php\">hier anmelden<\/a>.<\/p>\n\n\n\n<p>Es kann etwas Dauern, bis Sie als Mitglied freigeschaltet werden, da wir dies manuell \u00fcberpr\u00fcfen m\u00fcssen. Im Zweifel bitte an <a href=\"mailto:webmaster@bscf-chiemsee.de\">webmaster@bscf-chiemsee.de<\/a> wenden.<\/p>\n","protected":false},"excerpt":{"rendered":"<p>Dieser Bereich ist Mitgliedern des BSCF vorbehalten. Mitglieder k\u00f6nnen sich hier registrieren, oder wenn Sie bereits registriert sind hier anmelden. Es kann etwas Dauern, bis Sie als Mitglied freigeschaltet werden, da wir dies manuell \u00fcberpr\u00fcfen m\u00fcssen. Im Zweifel bitte an webmaster@bscf-chiemsee.de wenden.<\/p>\n","protected":false},"author":1,"featured_media":0,"parent":0,"menu_order":0,"comment_status":"closed","ping_status":"closed","template":"","meta":{"footnotes":""},"class_list":["post-3202","page","type-page","status-publish","hentry"],"_links":{"self":[{"href":"https:\/\/www.bscf-chiemsee.de\/wordpress\/index.php?rest_route=\/wp\/v2\/pages\/3202","targetHints":{"allow":["GET"]}}],"collection":[{"href":"https:\/\/www.bscf-chiemsee.de\/wordpress\/index.php?rest_route=\/wp\/v2\/pages"}],"about":[{"href":"https:\/\/www.bscf-chiemsee.de\/wordpress\/index.php?rest_route=\/wp\/v2\/types\/page"}],"author":[{"embeddable":true,"href":"https:\/\/www.bscf-chiemsee.de\/wordpress\/index.php?rest_route=\/wp\/v2\/users\/1"}],"replies":[{"embeddable":true,"href":"https:\/\/www.bscf-chiemsee.de\/wordpress\/index.php?rest_route=%2Fwp%2Fv2%2Fcomments&post=3202"}],"version-history":[{"count":7,"href":"https:\/\/www.bscf-chiemsee.de\/wordpress\/index.php?rest_route=\/wp\/v2\/pages\/3202\/revisions"}],"predecessor-version":[{"id":3289,"href":"https:\/\/www.bscf-chiemsee.de\/wordpress\/index.php?rest_route=\/wp\/v2\/pages\/3202\/revisions\/3289"}],"wp:attachment":[{"href":"https:\/\/www.bscf-chiemsee.de\/wordpress\/index.php?rest_route=%2Fwp%2Fv2%2Fmedia&parent=3202"}],"curies":[{"name":"wp","href":"https:\/\/api.w.org\/{rel}","templated":true}]}}