{"id":3213,"date":"2021-03-16T11:33:15","date_gmt":"2021-03-16T10:33:15","guid":{"rendered":"https:\/\/www.bscf-chiemsee.de\/wordpress\/?page_id=3213"},"modified":"2021-05-04T21:04:05","modified_gmt":"2021-05-04T19:04:05","slug":"hygienekonzept","status":"publish","type":"page","link":"https:\/\/www.bscf-chiemsee.de\/wordpress\/?page_id=3213","title":{"rendered":"Hygienekonzept"},"content":{"rendered":"\n<p>Stand: 28. September 2020<\/p>\n\n\n\n<p><strong>Organisatorisches<\/strong><br>Durch Vereinsmailings, Schulungen, Vereinsaush\u00e4nge sowie durch Ver\u00f6ffentlichung auf der Website und in den sozialen Medien ist sichergestellt, dass alle Mitglieder ausreichend informiert sind.<br>Mit Beginn der Wiederaufnahme des Sportbetriebs wurde Personal (ehrenamtliches Personal, \u00dcbungsleiter, Helfer) \u00fcber die entsprechenden Regelungen und Konzepte informiert und geschult.<br>Die Einhaltung der Regelungen wird regelm\u00e4\u00dfig \u00fcberpr\u00fcft. Bei Nicht-Beachtung erfolgt ein Verweis des Vereinsgel\u00e4ndes.<\/p>\n\n\n\n<p><strong>Generelle Sicherheits- und Hygieneregeln<\/strong><br>Wir weisen unsere Mitglieder auf die Einhaltung des Mindestabstands von 1,5 Metern zwischen Personen im In- und Outdoorbereich hin.<br>K\u00f6rperkontakt au\u00dferhalb der Sportaus\u00fcbung bzw. des Trainings (z. B. Begr\u00fc\u00dfung, Verabschiedung, etc.) ist untersagt.<br>Mitgliedern, die Krankheitssymptome aufweisen oder die in den letzten 14 Tagen Kontakt zu COVID-19 F\u00e4llen hatten, wird das Betreten des Vereinsgel\u00e4ndes und ggf. die Teilnahme am Training oder Regatten untersagt.<br>Mitglieder werden regelm\u00e4\u00dfig darauf hingewiesen, ausreichend H\u00e4nde zu waschen und diese auch regelm\u00e4\u00dfig zu desinfizieren. F\u00fcr ausreichende Waschgelegenheiten, Fl\u00fcssigseife, Desinfektionsmittel und Einmalhandt\u00fccher ist gesorgt.<br>In unseren sanit\u00e4ren Einrichtungen stehen ausreichend Seife, Desinfektionsmittel und Einmalhandt\u00fccher zur Verf\u00fcgung. Nach Nutzung der Sanit\u00e4ranlage ist diese direkt vom Nutzer zu desinfizieren. Au\u00dferdem werden die sanit\u00e4ren Einrichtungen regelm\u00e4\u00dfig gereinigt.<br>Unsere Trainingsgruppen bestehen immer aus einem m\u00f6glichst festen Teilnehmerkreis. Die Teilnehmerzahl und die Teilnehmerdaten werden dokumentiert. Auch der Trainer\/\u00dcbungsleiter hat m\u00f6glichst feste Trainingsgruppen. Die Gr\u00f6\u00dfe der Gruppen ist auf eine maximale Teilnehmerzahl von 20 Teilnehmern beschr\u00e4nkt.<br>S\u00e4mtliche Trainingseinheiten werden dokumentiert, um im Falle einer Infektion eine Kontaktpersonenermittlung sicherstellen zu k\u00f6nnen.<br>Sanit\u00e4ranlagen (z.B. WC) stehen zur Verf\u00fcgung, sie d\u00fcrfen jedoch nur von einer Person gleichzeitig genutzt werden.<\/p>\n\n\n\n<p><strong>Ma\u00dfnahmen vor Betreten des Vereinsgel\u00e4ndes<\/strong><br>Vor Betreten des Vereinsgel\u00e4ndes werden die Mitglieder bereits auf die Einhaltung des Mindestabstands von 1,5 Metern hingewiesen.<br>Eine Nichteinhaltung des Mindestabstands von 1,5 Metern ist nur den Personen gestattet, die generell nicht den allgemeinen Kontaktbeschr\u00e4nkungen unterzuordnen sind (z. B. Ehepaare).<\/p>\n\n\n\n<p><strong>Ma\u00dfnahmen bei Betreten des Clubheims<\/strong><br>Beim Betreten des Clubheims und den R\u00e4umlichkeiten ist generell ein Mund-Nasen-Schutz zu tragen.<br>Auf der linken Seite neben der Eingangst\u00fcre befindet sich ein Desinfektionsmittelspender, der beim Eintreten zum Desinfizieren der H\u00e4nde zu nutzen ist.<\/p>\n\n\n\n<p><strong>Zus\u00e4tzliche Ma\u00dfnahmen im Training<\/strong><br>Zur Verletzungsprophylaxe wurde die Intensit\u00e4t der Sporteinheit an die Gegebenheiten (l\u00e4ngere Trainingspause der Teilnehmenden) angepasst.<br>Trainer haben immer f\u00fcr den Fall eines Rettungseinsatzes (Abstand kann nicht eingehalten werden) eine Maske dabei.<\/p>\n\n\n\n<p><strong>Zus\u00e4tzliche Ma\u00dfnahmen in Umkleiden und Duschen<\/strong><br>Bei der Nutzung von Umkleiden und Duschen ist eine entsprechende Fu\u00dfbekleidung zu nutzen.<br>In den Umkleiden und Duschen wird f\u00fcr eine ausreichende Durchl\u00fcftung gesorgt.<br>Die Einhaltung des Mindestabstands von 1,5 Metern wird beachtet.<br>Die Nutzer von Duschen haben eigene Handt\u00fccher mitzubringen.<br>Die Fu\u00dfb\u00f6den und weitere Kontaktfl\u00e4chen werden regelm\u00e4\u00dfig gereinigt und desinfiziert.<\/p>\n\n\n\n<p><strong>Zus\u00e4tzliche Ma\u00dfnahmen f\u00fcr (Trainings-) Regatten<\/strong><br>Die Anmeldung zu Regatten erfolgt grunds\u00e4tzlich und ausschlie\u00dflich \u00fcber manage2sail oder Email.<br>Das Meldegeld muss vorab per \u00dcberweisung bezahlt werden.<br>Alle Regattaunterlagen k\u00f6nnen \u00fcber manage2sail heruntergeladen werden. Sie werden nicht pers\u00f6nlich ausgeh\u00e4ndigt.<br>Soziale Events, wie Steuermannsbesprechung, Preisverteilung oder \u201eSegelhock\u201c entfallen, Es werden keine Preise verteilt.<br>Alle Mitteilungen der Wettfahrtleitung erfolgen \u00fcber Aushang oder Lautsprecher. Ergebnislisten sind \u00fcber Internet verf\u00fcgbar.<br>Alle Regattateilnehmer m\u00fcssen vorab den unterschriebenen Haftungsausschluss per Mail an die Adresse info@bscf-chiemsee.de schicken.<br>Au\u00dferhalb des Wettkampfs, insbesondere beim Durchqueren von Eingangsbereichen, bei der Entnahme und dem Zur\u00fcckstellen von Sportger\u00e4ten sowie bei der Nutzung von WC-Anlagen, besteht eine Maskenpflicht.<\/p>\n","protected":false},"excerpt":{"rendered":"<p>Stand: 28. September 2020 OrganisatorischesDurch Vereinsmailings, Schulungen, Vereinsaush\u00e4nge sowie durch Ver\u00f6ffentlichung auf der Website und in den sozialen Medien ist sichergestellt, dass alle Mitglieder ausreichend informiert sind.Mit Beginn der Wiederaufnahme des Sportbetriebs wurde Personal (ehrenamtliches Personal, \u00dcbungsleiter, Helfer) \u00fcber die entsprechenden Regelungen und Konzepte informiert und geschult.Die Einhaltung der Regelungen wird regelm\u00e4\u00dfig \u00fcberpr\u00fcft. Bei Nicht-Beachtung [&hellip;]<\/p>\n","protected":false},"author":1,"featured_media":0,"parent":0,"menu_order":0,"comment_status":"closed","ping_status":"closed","template":"","meta":{"footnotes":""},"class_list":["post-3213","page","type-page","status-publish","hentry"],"_links":{"self":[{"href":"https:\/\/www.bscf-chiemsee.de\/wordpress\/index.php?rest_route=\/wp\/v2\/pages\/3213","targetHints":{"allow":["GET"]}}],"collection":[{"href":"https:\/\/www.bscf-chiemsee.de\/wordpress\/index.php?rest_route=\/wp\/v2\/pages"}],"about":[{"href":"https:\/\/www.bscf-chiemsee.de\/wordpress\/index.php?rest_route=\/wp\/v2\/types\/page"}],"author":[{"embeddable":true,"href":"https:\/\/www.bscf-chiemsee.de\/wordpress\/index.php?rest_route=\/wp\/v2\/users\/1"}],"replies":[{"embeddable":true,"href":"https:\/\/www.bscf-chiemsee.de\/wordpress\/index.php?rest_route=%2Fwp%2Fv2%2Fcomments&post=3213"}],"version-history":[{"count":3,"href":"https:\/\/www.bscf-chiemsee.de\/wordpress\/index.php?rest_route=\/wp\/v2\/pages\/3213\/revisions"}],"predecessor-version":[{"id":3352,"href":"https:\/\/www.bscf-chiemsee.de\/wordpress\/index.php?rest_route=\/wp\/v2\/pages\/3213\/revisions\/3352"}],"wp:attachment":[{"href":"https:\/\/www.bscf-chiemsee.de\/wordpress\/index.php?rest_route=%2Fwp%2Fv2%2Fmedia&parent=3213"}],"curies":[{"name":"wp","href":"https:\/\/api.w.org\/{rel}","templated":true}]}}