{"id":3264,"date":"2021-03-16T17:08:49","date_gmt":"2021-03-16T16:08:49","guid":{"rendered":"https:\/\/www.bscf-chiemsee.de\/wordpress\/?page_id=3264"},"modified":"2026-04-10T22:30:25","modified_gmt":"2026-04-10T20:30:25","slug":"jugendwoche-2","status":"publish","type":"page","link":"https:\/\/www.bscf-chiemsee.de\/wordpress\/?page_id=3264","title":{"rendered":"Jugendwoche"},"content":{"rendered":"\n<p>Egal ob das erste Mal ohne Mama und Papa auf einem Boot,&nbsp; bereits mit etwas Erfahrung, oder auf dem Weg zum Segelprofi &#8212; Bei der Jugendwoche des BSCF ist f\u00fcr alle etwas dabei.<\/p>\n\n\n\n<p>F\u00fcr die Bootsklassen des Optis, 29ers und Lasers\/Europe bieten wir in der Jugendwoche die optimale Gelegenheit zu segeln. In verschiedenen Gruppen hat jeder die M\u00f6glichkeit, das Segeln im Opti oder Laser zu lernen, oder sich auf kommende Wettk\u00e4mpfe vorzubereiten.<\/p>\n\n\n\n<h3 class=\"wp-block-heading\">Meldung<\/h3>\n\n\n\n<p>Ihr habt euch entschieden teilzunehmen?<br>Wir Freuen uns auf Euch!<\/p>\n\n\n\n<div data-wp-interactive=\"core\/file\" class=\"wp-block-file\"><object data-wp-bind--hidden=\"!state.hasPdfPreview\" hidden class=\"wp-block-file__embed\" data=\"https:\/\/www.bscf-chiemsee.de\/wordpress\/wp-content\/uploads\/2026\/04\/BSCF-Jugend-Segelwoche-2026.pdf\" type=\"application\/pdf\" style=\"width:100%;height:600px\" aria-label=\"Einbettung von BSCF-Jugend Segelwoche 2026.\"><\/object><a id=\"wp-block-file--media-b1a23f79-21ac-4631-99f2-633852c92608\" href=\"https:\/\/www.bscf-chiemsee.de\/wordpress\/wp-content\/uploads\/2026\/04\/BSCF-Jugend-Segelwoche-2026.pdf\" target=\"_blank\" rel=\"noreferrer noopener\">BSCF-Jugend Segelwoche 2026<\/a><a href=\"https:\/\/www.bscf-chiemsee.de\/wordpress\/wp-content\/uploads\/2026\/04\/BSCF-Jugend-Segelwoche-2026.pdf\" class=\"wp-block-file__button wp-element-button\" download aria-describedby=\"wp-block-file--media-b1a23f79-21ac-4631-99f2-633852c92608\">Herunterladen<\/a><\/div>\n\n\n\n<h3 class=\"wp-block-heading\">Das Konzept<\/h3>\n\n\n\n<p>Geboten ist ein Rundum-Versorgungs-Paket f\u00fcr jedermann. T\u00e4glich von 10 bis 16 Uhr sind die Kids besch\u00e4ftigt. Ein&nbsp; Versorgungs- und Organisationsteam k\u00fcmmert sich um alles, was nicht spezifisch mit Segeln zu tun hat. Jeden Tag, wenn die Kids vom Wasser kommen, steht erstklassiges Essen bereit, um den Sportlerhunger zu versorgen.<br>Auch f\u00fcr Spiele an Land ist reichlich gesorgt. Der Spa\u00df darf ja auch nicht zu kurz kommen. Unter anderem die ideale M\u00f6glichkeit neue Kontakte zu kn\u00fcpfen. Den seglerischen Part \u00fcbernehmen unsere Top Trainer.<\/p>\n\n\n\n<h3 class=\"wp-block-heading\">Teilnahmebedingungen<\/h3>\n\n\n\n<p>Alles was ihr k\u00f6nnen solltet, ist schwimmen. Aus sicherheitstechnischen Gr\u00fcnden muss jeder Teilnehmer mind. im Besitz eines Jugendschwimmabzeichens in Bronze sein.<\/p>\n\n\n\n<figure class=\"wp-block-image size-large\"><a href=\"https:\/\/www.bscf-chiemsee.de\/wordpress\/wp-content\/uploads\/2016\/04\/0165e2388fc8fcc120410cdb43aa16960099504f65.jpg\"><img loading=\"lazy\" decoding=\"async\" width=\"1024\" height=\"768\" src=\"https:\/\/www.bscf-chiemsee.de\/wordpress\/wp-content\/uploads\/2016\/04\/0165e2388fc8fcc120410cdb43aa16960099504f65-1024x768.jpg\" alt=\"\" class=\"wp-image-1440\" srcset=\"https:\/\/www.bscf-chiemsee.de\/wordpress\/wp-content\/uploads\/2016\/04\/0165e2388fc8fcc120410cdb43aa16960099504f65-1024x768.jpg 1024w, https:\/\/www.bscf-chiemsee.de\/wordpress\/wp-content\/uploads\/2016\/04\/0165e2388fc8fcc120410cdb43aa16960099504f65-600x450.jpg 600w, https:\/\/www.bscf-chiemsee.de\/wordpress\/wp-content\/uploads\/2016\/04\/0165e2388fc8fcc120410cdb43aa16960099504f65-300x225.jpg 300w, https:\/\/www.bscf-chiemsee.de\/wordpress\/wp-content\/uploads\/2016\/04\/0165e2388fc8fcc120410cdb43aa16960099504f65-768x576.jpg 768w, https:\/\/www.bscf-chiemsee.de\/wordpress\/wp-content\/uploads\/2016\/04\/0165e2388fc8fcc120410cdb43aa16960099504f65-150x113.jpg 150w, https:\/\/www.bscf-chiemsee.de\/wordpress\/wp-content\/uploads\/2016\/04\/0165e2388fc8fcc120410cdb43aa16960099504f65.jpg 2048w\" sizes=\"auto, (max-width: 1024px) 100vw, 1024px\" \/><\/a><\/figure>\n\n\n\n<h3 class=\"wp-block-heading\">Die Trainer und Aufteilung<\/h3>\n\n\n\n<p>Von Weltklasse Seglern f\u00fcr die Leistungsgruppen, bis hin zu erfahrenen Teams f\u00fcr die Anf\u00e4nger \u2013 jeder hat die M\u00f6glichkeit individuell gef\u00f6rdert werden zu k\u00f6nnen.<\/p>\n\n\n\n<p>Um die in leistungsm\u00e4\u00dfig und sozial zusammengestellten Gruppen k\u00fcmmert sich der jeweils passende Trainer. F\u00fcr die J\u00fcngeren, die erst segeln lernen, stehen erfahrene Jugendtrainer bereit, die \u00fcber alle Sicherheitsaspekte bestens Bescheid wissen. Sie wissen genau, wie man Kindern das Segeln spielerisch beibringt.<\/p>\n\n\n\n<p>Die Gruppen f\u00fcr erfahrenere Segler werden von teils selbst noch sehr aktiven Hochleistungsseglern betreut, welche ihr breit gef\u00e4chertes, theoretisches und praktisches Wissen gerne an die Kids und Jugendliche weitergeben. Die Trainingszeiten der Leistungsgruppen k\u00f6nnen nach Alter und Erfahrung der Segler variieren. So schaffen wir zusammen den besten Fortschritt, denn die Zukunft braucht schlie\u00dflich auch eine neue, begeisterte Segelgeneration.<\/p>\n\n\n\n<h3 class=\"wp-block-heading\">Wann, wo und was kostet es?<\/h3>\n\n\n\n<ul class=\"wp-block-list\">\n<li>Die Jugendwoche findet immer in der zweiten Woche der Pfingstferien statt.<\/li>\n\n\n\n<li>Beginn ist am Montag um 10:00 am Vereinsgel\u00e4nde des BSCF.<\/li>\n\n\n\n<li>Grunds\u00e4tzlich geht das Training t\u00e4glich von 10:00 bis 16:00 Uhr, kann aber gruppenabh\u00e4ngig variiert werden.<\/li>\n\n\n\n<li>Abschluss ist am Freitag gegen um 16:00 Uhr.<\/li>\n\n\n\n<li>Den Kostenbeitrag findet ihr in der <a href=\"https:\/\/www.bscf-chiemsee.de\/wordpress\/wp-content\/uploads\/2026\/04\/BSCF-Jugend-Segelwoche-2026.pdf\" target=\"_blank\" rel=\"noreferrer noopener\">Meldung<\/a><\/li>\n\n\n\n<li>F\u00fcr R\u00fccksprachen wendet&nbsp;euch bitte an unser <a href=\"https:\/\/www.bscf-chiemsee.de\/wordpress\/?page_id=3225#Jugendteam\" data-type=\"page\">Jugendteam<\/a>.<\/li>\n<\/ul>\n\n\n\n<p><\/p>\n","protected":false},"excerpt":{"rendered":"<p>Egal ob das erste Mal ohne Mama und Papa auf einem Boot,&nbsp; bereits mit etwas Erfahrung, oder auf dem Weg zum Segelprofi &#8212; Bei der Jugendwoche des BSCF ist f\u00fcr alle etwas dabei. F\u00fcr die Bootsklassen des Optis, 29ers und Lasers\/Europe bieten wir in der Jugendwoche die optimale Gelegenheit zu segeln. In verschiedenen Gruppen hat [&hellip;]<\/p>\n","protected":false},"author":1,"featured_media":0,"parent":0,"menu_order":0,"comment_status":"closed","ping_status":"closed","template":"","meta":{"footnotes":""},"class_list":["post-3264","page","type-page","status-publish","hentry"],"_links":{"self":[{"href":"https:\/\/www.bscf-chiemsee.de\/wordpress\/index.php?rest_route=\/wp\/v2\/pages\/3264","targetHints":{"allow":["GET"]}}],"collection":[{"href":"https:\/\/www.bscf-chiemsee.de\/wordpress\/index.php?rest_route=\/wp\/v2\/pages"}],"about":[{"href":"https:\/\/www.bscf-chiemsee.de\/wordpress\/index.php?rest_route=\/wp\/v2\/types\/page"}],"author":[{"embeddable":true,"href":"https:\/\/www.bscf-chiemsee.de\/wordpress\/index.php?rest_route=\/wp\/v2\/users\/1"}],"replies":[{"embeddable":true,"href":"https:\/\/www.bscf-chiemsee.de\/wordpress\/index.php?rest_route=%2Fwp%2Fv2%2Fcomments&post=3264"}],"version-history":[{"count":16,"href":"https:\/\/www.bscf-chiemsee.de\/wordpress\/index.php?rest_route=\/wp\/v2\/pages\/3264\/revisions"}],"predecessor-version":[{"id":5289,"href":"https:\/\/www.bscf-chiemsee.de\/wordpress\/index.php?rest_route=\/wp\/v2\/pages\/3264\/revisions\/5289"}],"wp:attachment":[{"href":"https:\/\/www.bscf-chiemsee.de\/wordpress\/index.php?rest_route=%2Fwp%2Fv2%2Fmedia&parent=3264"}],"curies":[{"name":"wp","href":"https:\/\/api.w.org\/{rel}","templated":true}]}}