{"id":3796,"date":"2022-07-06T22:26:16","date_gmt":"2022-07-06T20:26:16","guid":{"rendered":"https:\/\/www.bscf-chiemsee.de\/wordpress\/?page_id=3796"},"modified":"2022-07-07T14:46:17","modified_gmt":"2022-07-07T12:46:17","slug":"vereinschronik-2016","status":"publish","type":"page","link":"https:\/\/www.bscf-chiemsee.de\/wordpress\/?page_id=3796","title":{"rendered":"Vereinschronik 2016"},"content":{"rendered":"\n<figure class=\"wp-block-image size-full\"><a href=\"https:\/\/www.bscf-chiemsee.de\/wordpress\/wp-content\/uploads\/2022\/05\/BSCF-Logo-q-edited.gif\"><img loading=\"lazy\" decoding=\"async\" width=\"512\" height=\"341\" src=\"https:\/\/www.bscf-chiemsee.de\/wordpress\/wp-content\/uploads\/2022\/05\/BSCF-Logo-q-edited.gif\" alt=\"\" class=\"wp-image-3748\"\/><\/a><\/figure>\n\n\n\n<h2 class=\"wp-block-heading\">Vorstand<\/h2>\n\n\n\n<figure class=\"wp-block-table\"><table><tbody><tr><td class=\"has-text-align-left\" data-align=\"left\">1. Vorsitzender:<\/td><td><\/td><td>Gerold Bergen<\/td><\/tr><tr><td class=\"has-text-align-left\" data-align=\"left\">2. Vorsitzender:<\/td><td><\/td><td>Todd Martin<\/td><\/tr><tr><td class=\"has-text-align-left\" data-align=\"left\">Kassier:<\/td><td><\/td><td>Rudi Grichtmaier<\/td><\/tr><tr><td class=\"has-text-align-left\" data-align=\"left\">Schriftf\u00fchrer:<\/td><td><\/td><td>Alexander Brandstetter<\/td><\/tr><tr><td class=\"has-text-align-left\" data-align=\"left\">Sportwart:<\/td><td><\/td><td>Stephan Roth<\/td><\/tr><tr><td class=\"has-text-align-left\" data-align=\"left\">Jugendleiter:<\/td><td><\/td><td>Wolfgang Inninger<\/td><\/tr><tr><td class=\"has-text-align-left\" data-align=\"left\">Hafenwart:<\/td><td><\/td><td>Klaus Breitlow<\/td><\/tr><tr><td class=\"has-text-align-left\" data-align=\"left\"><\/td><td><\/td><td><\/td><\/tr><tr><td class=\"has-text-align-left\" data-align=\"left\">Umweltschutz-Beauftragter:<\/td><td><\/td><td>Peter Wernsd\u00f6rfer<\/td><\/tr><\/tbody><\/table><\/figure>\n\n\n\n<h2 class=\"wp-block-heading\">Mitglieder<\/h2>\n\n\n\n<p class=\"has-text-align-center\"><strong>Insgesamt 323 Mitglieder<\/strong><\/p>\n\n\n\n<figure class=\"wp-block-table\"><table><tbody><tr><td>Erwachsene:<\/td><td>278<\/td><td>Weiblich:<\/td><td>111<\/td><\/tr><tr><td>Jugendliche:<\/td><td>21<\/td><td>M\u00e4nnlich:<\/td><td>212<\/td><\/tr><tr><td>Kinder:<\/td><td>24<\/td><td><\/td><td><\/td><\/tr><\/tbody><\/table><\/figure>\n\n\n\n<h2 class=\"wp-block-heading\">Verstorbene Mitglieder<\/h2>\n\n\n\n<figure class=\"wp-block-table\"><table><tbody><tr><td>Anrede<\/td><td>Vorname<\/td><td>Nachname<\/td><td>Geboren<\/td><td>Verstorben<\/td><\/tr><tr><td>Frau<\/td><td>Gy\u00f6ngyi<\/td><td>Ringel<\/td><td>22.8.1935<\/td><td>6.1.2016<\/td><\/tr><tr><td>Herr<\/td><td>Heinz<\/td><td>Wittkowski<\/td><td>29.11.1936<\/td><td>16.12.2016<\/td><\/tr><\/tbody><\/table><\/figure>\n\n\n\n<h2 class=\"wp-block-heading\">Beitr\u00e4ge<\/h2>\n\n\n\n<div class=\"wp-block-query is-layout-flow wp-block-query-is-layout-flow\"><ul class=\"is-flex-container columns-3 wp-block-post-template is-layout-flow wp-block-post-template-is-layout-flow\"><li class=\"wp-block-post post-1644 post type-post status-publish format-standard hentry category-jugend category-regatta tag-c2016\">\n\n<div class=\"wp-block-group\" style=\"padding-top:30px;padding-right:30px;padding-bottom:30px;padding-left:30px\"><div class=\"wp-block-group__inner-container is-layout-flow wp-block-group-is-layout-flow\"><h2 class=\"wp-block-post-title\"><a href=\"https:\/\/www.bscf-chiemsee.de\/wordpress\/?p=1644\" target=\"_self\" >Bernauer Segel-Club e.V. Felden im \u201eSkiff-Fieber\u201c Alpenland Open Skiff Serie der 29er und 49er<\/a><\/h2>\n\n<div class=\"wp-block-post-excerpt\"><p class=\"wp-block-post-excerpt__excerpt\">Der Bernauer Segel-Club e.V. Felden nutzte den Christi-Himmelfahrt-Feiertag und das folgende Wochenende und holte die Skiff-Klassen der 29er und 49er zu sich an den Chiemsee. Begonnen wurde mit einem 2-t\u00e4gigen Training der 29er, professionell trainiert von einem Berufstrainer. Die Segler erlebten ereignisreiche und effektive Trainingstage, mit Windst\u00e4rken bis zu 5 Bft in den B\u00f6en. Den&hellip; <\/p><\/div>\n\n<div class=\"wp-block-post-date\"><time datetime=\"2016-10-07T11:08:36+02:00\">7. Oktober 2016<\/time><\/div><\/div><\/div>\n\n<\/li><li class=\"wp-block-post post-1640 post type-post status-publish format-standard hentry category-jugend tag-c2016\">\n\n<div class=\"wp-block-group\" style=\"padding-top:30px;padding-right:30px;padding-bottom:30px;padding-left:30px\"><div class=\"wp-block-group__inner-container is-layout-flow wp-block-group-is-layout-flow\"><h2 class=\"wp-block-post-title\"><a href=\"https:\/\/www.bscf-chiemsee.de\/wordpress\/?p=1640\" target=\"_self\" >OPTI- und Laser-Liga Chiemsee stoppt am Bernauer Segel-Club e.V. Felden<\/a><\/h2>\n\n<div class=\"wp-block-post-excerpt\"><p class=\"wp-block-post-excerpt__excerpt\">Der Bernauer Segel-Club Felden (BSCF) durfte dieses Jahr im Rahmen der Opti- und Laser-Liga Chiemsee die 4. von insgesamt 5 Veranstaltungen ausrichten. Die Liga bietet Nachwuchsseglern einen sanften Einstieg in die Regattaszene, wobei 5 Clubs im Wechsel die Veranstaltungen austragen. Eine stolze Anzahl von 42 Optimist-Segler und 4 Laser-Segler aus 10 verschiedenen Segelclubs vom Chiemsee,&hellip; <\/p><\/div>\n\n<div class=\"wp-block-post-date\"><time datetime=\"2016-10-07T11:04:06+02:00\">7. Oktober 2016<\/time><\/div><\/div><\/div>\n\n<\/li><li class=\"wp-block-post post-1633 post type-post status-publish format-standard hentry category-jugend category-regatta tag-c2016\">\n\n<div class=\"wp-block-group\" style=\"padding-top:30px;padding-right:30px;padding-bottom:30px;padding-left:30px\"><div class=\"wp-block-group__inner-container is-layout-flow wp-block-group-is-layout-flow\"><h2 class=\"wp-block-post-title\"><a href=\"https:\/\/www.bscf-chiemsee.de\/wordpress\/?p=1633\" target=\"_self\" >Segler der Bernauer OPTI-B trotzten dem Wetter<\/a><\/h2>\n\n<div class=\"wp-block-post-excerpt\"><p class=\"wp-block-post-excerpt__excerpt\">Der Bernauer Segel-Club Felden (BSCF) musste dieses Jahr unter schwierigen Bedingungen seine traditionelle Bernauer OPTI-B-Regatta ausrichten. 23 Segler des Jugendboots Optimist k\u00e4mpften in 4 Wettfahrten um den Sieg. Trotz widriger Wetterbedingungen konnte die Veranstaltung, ausgeschrieben f\u00fcr zwei Tage, in einem Tag durchgef\u00fchrt werden. Die ersten beiden Wettfahren hatten es in sich: kr\u00e4ftiger Wind mit vielen&hellip; <\/p><\/div>\n\n<div class=\"wp-block-post-date\"><time datetime=\"2016-10-07T11:01:52+02:00\">7. Oktober 2016<\/time><\/div><\/div><\/div>\n\n<\/li><li class=\"wp-block-post post-1630 post type-post status-publish format-standard hentry category-jugend tag-c2016\">\n\n<div class=\"wp-block-group\" style=\"padding-top:30px;padding-right:30px;padding-bottom:30px;padding-left:30px\"><div class=\"wp-block-group__inner-container is-layout-flow wp-block-group-is-layout-flow\"><h2 class=\"wp-block-post-title\"><a href=\"https:\/\/www.bscf-chiemsee.de\/wordpress\/?p=1630\" target=\"_self\" >Bernauer Jugend-Segelwoche &#8211; vom Optimist bis zum Jugendsegler<\/a><\/h2>\n\n<div class=\"wp-block-post-excerpt\"><p class=\"wp-block-post-excerpt__excerpt\">Traditionell nutzte der Bernauer Segel-Club e.V. Felden (BSCF) wieder die zweite Pfingstferien-Woche, um Kinder und Jugendliche f\u00fcr den Segelsport zu begeistern. Mit 30 Seglern konnten dieses Jahr 4 Gruppen gebildet werden: Anf\u00e4nger im Einsteigerboot \u201eOptimist\u201c, aber auch die Fortgeschrittenen und Leistungssegler des Clubs trainierten mit. Zus\u00e4tzlich wurden Trainings in der Einhandjolle \u201eLaser\u201c und im Zweimannskiff&hellip; <\/p><\/div>\n\n<div class=\"wp-block-post-date\"><time datetime=\"2016-10-07T10:56:02+02:00\">7. Oktober 2016<\/time><\/div><\/div><\/div>\n\n<\/li><li class=\"wp-block-post post-1618 post type-post status-publish format-standard has-post-thumbnail hentry category-aktuelles category-club category-jugend tag-c2016\">\n\n<div class=\"wp-block-group\" style=\"padding-top:30px;padding-right:30px;padding-bottom:30px;padding-left:30px\"><div class=\"wp-block-group__inner-container is-layout-flow wp-block-group-is-layout-flow\"><h2 class=\"wp-block-post-title\"><a href=\"https:\/\/www.bscf-chiemsee.de\/wordpress\/?p=1618\" target=\"_self\" >BSCF-Ferientag<\/a><\/h2>\n\n<div class=\"wp-block-post-excerpt\"><p class=\"wp-block-post-excerpt__excerpt\">Bei strahlendem Sonnenschein, moderatem Wind und angenehmen Wassertemperaturen konnten wir am letzten Montag viele fr\u00f6hliche Ferienkinder aus Bernau und den Umliegenden Gemeinden begr\u00fc\u00dfen. Mit einer breiten Palette von Booten, von der J\u00fcngsten Jolle Opti bis zum 10 Meter Kielschiff konnten die Kinder alles ausprobieren und waren mit viel Spa\u00df dabei. Nach jedem Trainingsabschnitt musste nat\u00fcrlich&hellip; <\/p><\/div>\n\n<div class=\"wp-block-post-date\"><time datetime=\"2016-08-10T08:17:13+02:00\">10. August 2016<\/time><\/div><\/div><\/div>\n\n<\/li><li class=\"wp-block-post post-1615 post type-post status-publish format-standard has-post-thumbnail hentry category-aktuelles category-club category-jugend tag-c2016\">\n\n<div class=\"wp-block-group\" style=\"padding-top:30px;padding-right:30px;padding-bottom:30px;padding-left:30px\"><div class=\"wp-block-group__inner-container is-layout-flow wp-block-group-is-layout-flow\"><h2 class=\"wp-block-post-title\"><a href=\"https:\/\/www.bscf-chiemsee.de\/wordpress\/?p=1615\" target=\"_self\" >Bernau Ferienprogramm im BSCF<\/a><\/h2>\n\n<div class=\"wp-block-post-excerpt\"><p class=\"wp-block-post-excerpt__excerpt\">Am Montag den 8. August veranstaltet der BSCF seinen traditionellen Feriensegeltag. Wir freuen uns schon auf viele G\u00e4ste und w\u00fcnschen allen Teilnehmern ganz viel Spa\u00df. Bei Fragen zur Veranstaltung wendet Euch bitte an den Jugendleiter. <\/p><\/div>\n\n<div class=\"wp-block-post-date\"><time datetime=\"2016-08-03T09:55:34+02:00\">3. August 2016<\/time><\/div><\/div><\/div>\n\n<\/li><li class=\"wp-block-post post-1608 post type-post status-publish format-standard has-post-thumbnail hentry category-aktuelles category-club tag-c2016\">\n\n<div class=\"wp-block-group\" style=\"padding-top:30px;padding-right:30px;padding-bottom:30px;padding-left:30px\"><div class=\"wp-block-group__inner-container is-layout-flow wp-block-group-is-layout-flow\"><h2 class=\"wp-block-post-title\"><a href=\"https:\/\/www.bscf-chiemsee.de\/wordpress\/?p=1608\" target=\"_self\" >Kreuz und Quer mit Sommerfest<\/a><\/h2>\n\n<div class=\"wp-block-post-excerpt\"><p class=\"wp-block-post-excerpt__excerpt\">Am Samstag den 23.7.2016 findet unsere traditionelle K\u00e4nguruwettfahrt &#8222;Kreuz und Quer&#8220; (Die Aussschreibungfindet Ihr hier.) zusammen mit dem Sommerfest statt. Start zur Wettfahrt ist um 11:30 Uhr. Gemeldet werden kann bis Samstagmorgen, eine fr\u00fchzeitige Meldung erleichtert die Planung f\u00fcr das Sommerfest. Die Preisverteilung findet im Rahmen des Sommerfestes statt. <\/p><\/div>\n\n<div class=\"wp-block-post-date\"><time datetime=\"2016-07-16T21:31:01+02:00\">16. Juli 2016<\/time><\/div><\/div><\/div>\n\n<\/li><li class=\"wp-block-post post-1600 post type-post status-publish format-standard has-post-thumbnail hentry category-aktuelles category-club category-jugend category-regatta tag-c2016\">\n\n<div class=\"wp-block-group\" style=\"padding-top:30px;padding-right:30px;padding-bottom:30px;padding-left:30px\"><div class=\"wp-block-group__inner-container is-layout-flow wp-block-group-is-layout-flow\"><h2 class=\"wp-block-post-title\"><a href=\"https:\/\/www.bscf-chiemsee.de\/wordpress\/?p=1600\" target=\"_self\" >Die Opti-Liga kommt<\/a><\/h2>\n\n<div class=\"wp-block-post-excerpt\"><p class=\"wp-block-post-excerpt__excerpt\">Am Sonntag den 10. Juli 2016 gastiert die Opti-Liga wieder f\u00fcr drei Wettfahrten im BSCF. Weitere Informationen findet Ihr unter www.optiliga.de\u00a0 oder am Sonntag vor Ort. <\/p><\/div>\n\n<div class=\"wp-block-post-date\"><time datetime=\"2016-07-04T13:22:04+02:00\">4. Juli 2016<\/time><\/div><\/div><\/div>\n\n<\/li><li class=\"wp-block-post post-1577 post type-post status-publish format-standard hentry category-aktuelles category-club tag-c2016\">\n\n<div class=\"wp-block-group\" style=\"padding-top:30px;padding-right:30px;padding-bottom:30px;padding-left:30px\"><div class=\"wp-block-group__inner-container is-layout-flow wp-block-group-is-layout-flow\"><h2 class=\"wp-block-post-title\"><a href=\"https:\/\/www.bscf-chiemsee.de\/wordpress\/?p=1577\" target=\"_self\" >Rund um d&#8217;Inseln<\/a><\/h2>\n\n<div class=\"wp-block-post-excerpt\"><p class=\"wp-block-post-excerpt__excerpt\">Es ist wieder soweit: Am Wochenende findet die n\u00e4chste Clubregatta statt. Hier findet Ihr die Ausschreibung. <\/p><\/div>\n\n<div class=\"wp-block-post-date\"><time datetime=\"2016-06-13T23:52:11+02:00\">13. Juni 2016<\/time><\/div><\/div><\/div>\n\n<\/li><li class=\"wp-block-post post-1573 post type-post status-publish format-standard has-post-thumbnail hentry category-jugend category-regatta tag-c2016 tag-extream-sailing tag-flying-phantom tag-foiling tag-jugend tag-kiel tag-michael-martin tag-red-bull tag-regatta\">\n\n<div class=\"wp-block-group\" style=\"padding-top:30px;padding-right:30px;padding-bottom:30px;padding-left:30px\"><div class=\"wp-block-group__inner-container is-layout-flow wp-block-group-is-layout-flow\"><h2 class=\"wp-block-post-title\"><a href=\"https:\/\/www.bscf-chiemsee.de\/wordpress\/?p=1573\" target=\"_self\" >Red Bull Foiling Gerneration 2016<\/a><\/h2>\n\n<div class=\"wp-block-post-excerpt\"><p class=\"wp-block-post-excerpt__excerpt\">Ein Traum zweier jungen Seglern ging in Erf\u00fcllung: Racen auf foilenden Katamaranen. Fr\u00fchjahr2016:Wir bekommen mit, dass Red Bull plant, jungen Seglern im Alter zwischen 16 und 20 Jahren die Gelegenheit zu geben, auf sogenannten Flying Phantoms zu segeln. Diese boote sind Katamarane, welche auf fl\u00fcgeln am Ende der Schwerter befestigt sind und so \u00fcber das&hellip; <\/p><\/div>\n\n<div class=\"wp-block-post-date\"><time datetime=\"2016-06-08T08:21:06+02:00\">8. Juni 2016<\/time><\/div><\/div><\/div>\n\n<\/li><li class=\"wp-block-post post-1571 post type-post status-publish format-standard hentry category-aktuelles category-club tag-c2016\">\n\n<div class=\"wp-block-group\" style=\"padding-top:30px;padding-right:30px;padding-bottom:30px;padding-left:30px\"><div class=\"wp-block-group__inner-container is-layout-flow wp-block-group-is-layout-flow\"><h2 class=\"wp-block-post-title\"><a href=\"https:\/\/www.bscf-chiemsee.de\/wordpress\/?p=1571\" target=\"_self\" >Wei\u00dfwurstfr\u00fchst\u00fcck<\/a><\/h2>\n\n<div class=\"wp-block-post-excerpt\"><p class=\"wp-block-post-excerpt__excerpt\">Unser Reinhard und seine Helfer organisieren ein Wei\u00dfwurstfr\u00fchst\u00fcck am n\u00e4chsten Sonntag, den 12.06.2016, im Clubhaus (von 11:00 bis ca. 12:00 Uhr). Es gibt selbstgemachte Brezen, 1 Paar Wei\u00dfw\u00fcrste und ein Getr\u00e4nk, f\u00fcr einen Unkostenbeitrag von nur 5,- \u20ac. Der Erl\u00f6s wird f\u00fcr einen Weink\u00fchler gespendet. Wir freuen uns auf zahlreiche Teilnehmer, f\u00fcr die Planung bitte&hellip; <\/p><\/div>\n\n<div class=\"wp-block-post-date\"><time datetime=\"2016-06-06T16:39:05+02:00\">6. Juni 2016<\/time><\/div><\/div><\/div>\n\n<\/li><li class=\"wp-block-post post-1565 post type-post status-publish format-standard hentry category-aktuelles category-jugend tag-c2016\">\n\n<div class=\"wp-block-group\" style=\"padding-top:30px;padding-right:30px;padding-bottom:30px;padding-left:30px\"><div class=\"wp-block-group__inner-container is-layout-flow wp-block-group-is-layout-flow\"><h2 class=\"wp-block-post-title\"><a href=\"https:\/\/www.bscf-chiemsee.de\/wordpress\/?p=1565\" target=\"_self\" >Red Bull Foiling Generation<\/a><\/h2>\n\n<div class=\"wp-block-post-excerpt\"><p class=\"wp-block-post-excerpt__excerpt\">Die BSCF-Segler Mickey und Andi Martin sind im Finale der Red Bull Foiling Generation. Es geht dabei um die Einladung zum Weltfinale im Oktober in den USA. <\/p><\/div>\n\n<div class=\"wp-block-post-date\"><time datetime=\"2016-05-29T14:11:38+02:00\">29. Mai 2016<\/time><\/div><\/div><\/div>\n\n<\/li><li class=\"wp-block-post post-1560 post type-post status-publish format-standard hentry category-club category-jugend tag-c2016\">\n\n<div class=\"wp-block-group\" style=\"padding-top:30px;padding-right:30px;padding-bottom:30px;padding-left:30px\"><div class=\"wp-block-group__inner-container is-layout-flow wp-block-group-is-layout-flow\"><h2 class=\"wp-block-post-title\"><a href=\"https:\/\/www.bscf-chiemsee.de\/wordpress\/?p=1560\" target=\"_self\" >Jugendwoche 2016<\/a><\/h2>\n\n<div class=\"wp-block-post-excerpt\"><p class=\"wp-block-post-excerpt__excerpt\">Ich m\u00f6chte heute mal einen etwas anderen Bericht \u00fcber die Opti-Woche Jugendwoche schreiben. Meine erste Opti-Woche erlebte ich 1993 als angehender Opti-Vater. Ich kann mich nicht erinnern seitdem eine Opti-Woche \/ Jugendwoche verpasst zu haben. Wir haben diese Woche schon bei Sonne und Regen, Hitze und K\u00e4lte, im Bauwagen, in der H\u00fctte und jetzt im&hellip; <\/p><\/div>\n\n<div class=\"wp-block-post-date\"><time datetime=\"2016-05-29T14:04:42+02:00\">29. Mai 2016<\/time><\/div><\/div><\/div>\n\n<\/li><li class=\"wp-block-post post-1510 post type-post status-publish format-standard has-post-thumbnail hentry category-aktuelles tag-c2016\">\n\n<div class=\"wp-block-group\" style=\"padding-top:30px;padding-right:30px;padding-bottom:30px;padding-left:30px\"><div class=\"wp-block-group__inner-container is-layout-flow wp-block-group-is-layout-flow\"><h2 class=\"wp-block-post-title\"><a href=\"https:\/\/www.bscf-chiemsee.de\/wordpress\/?p=1510\" target=\"_self\" >N\u00e4chste Veranstaltung<\/a><\/h2>\n\n<div class=\"wp-block-post-excerpt\"><p class=\"wp-block-post-excerpt__excerpt\">Vom 23.-27. Mai findet, wie jedes Jahr, die Jugendwoche des BSCF statt. Mehr Infos findet Ihr hier&#8230; <\/p><\/div>\n\n<div class=\"wp-block-post-date\"><time datetime=\"2016-05-19T21:33:00+02:00\">19. Mai 2016<\/time><\/div><\/div><\/div>\n\n<\/li><li class=\"wp-block-post post-1464 post type-post status-publish format-standard has-post-thumbnail hentry category-aktuelles tag-c2016\">\n\n<div class=\"wp-block-group\" style=\"padding-top:30px;padding-right:30px;padding-bottom:30px;padding-left:30px\"><div class=\"wp-block-group__inner-container is-layout-flow wp-block-group-is-layout-flow\"><h2 class=\"wp-block-post-title\"><a href=\"https:\/\/www.bscf-chiemsee.de\/wordpress\/?p=1464\" target=\"_self\" >29er und 49er am Chiemsee<\/a><\/h2>\n\n<div class=\"wp-block-post-excerpt\"><p class=\"wp-block-post-excerpt__excerpt\">Bei traumhaften Wetter und optimalen Windbedingungen mit 2-5 Bft konnten heute sechs Wettfahrten absolviert werden bevor die hungrigen Segler das Burger Buffet der BSCF M\u00fctter st\u00fcrmten. Morgen ist ab 11.30 Startbereitschaft Zwischenergebnis 29er nach 10 Wettfahrten[pdf-embedder url=&#8220;https:\/\/www.bscf-chiemsee.de\/wordpress\/wp-content\/uploads\/2016\/05\/Zwischerergebnis_BSCF_1Tag_29er.pdf&#8220;] Zwischenergebnis 49er nach 6 Wettfahrten[pdf-embedder url=&#8220;https:\/\/www.bscf-chiemsee.de\/wordpress\/wp-content\/uploads\/2016\/05\/Zwischerergebnis_BSCF_1Tag_49er.pdf&#8220;] <\/p><\/div>\n\n<div class=\"wp-block-post-date\"><time datetime=\"2016-05-07T22:39:55+02:00\">7. Mai 2016<\/time><\/div><\/div><\/div>\n\n<\/li><li class=\"wp-block-post post-1460 post type-post status-publish format-standard has-post-thumbnail hentry category-aktuelles tag-c2016\">\n\n<div class=\"wp-block-group\" style=\"padding-top:30px;padding-right:30px;padding-bottom:30px;padding-left:30px\"><div class=\"wp-block-group__inner-container is-layout-flow wp-block-group-is-layout-flow\"><h2 class=\"wp-block-post-title\"><a href=\"https:\/\/www.bscf-chiemsee.de\/wordpress\/?p=1460\" target=\"_self\" >29er &amp; 49er Regatta<\/a><\/h2>\n\n<div class=\"wp-block-post-excerpt\"><p class=\"wp-block-post-excerpt__excerpt\">Ab Donnerstag begr\u00fc\u00dft der BSCF zahlreiche 29er- und 49er- Teams bei uns auf dem Clubgel\u00e4nde. Donnerstag und Freitag wird unter fachkundiger Leitung trainiert bevor am Wochenende das erarbeitete auf der Regattabahn umgesetzt werden soll. Der erste Start ist f\u00fcr Samstag 12:00 Uhr geplant. Zuschauer sind herzlich willkommen. <\/p><\/div>\n\n<div class=\"wp-block-post-date\"><time datetime=\"2016-05-03T23:41:55+02:00\">3. Mai 2016<\/time><\/div><\/div><\/div>\n\n<\/li><li class=\"wp-block-post post-1354 post type-post status-publish format-standard hentry category-jugend tag-c2016\">\n\n<div class=\"wp-block-group\" style=\"padding-top:30px;padding-right:30px;padding-bottom:30px;padding-left:30px\"><div class=\"wp-block-group__inner-container is-layout-flow wp-block-group-is-layout-flow\"><h2 class=\"wp-block-post-title\"><a href=\"https:\/\/www.bscf-chiemsee.de\/wordpress\/?p=1354\" target=\"_self\" >29er Training am Gro\u00dfen Brombachsee<\/a><\/h2>\n\n<div class=\"wp-block-post-excerpt\"><p class=\"wp-block-post-excerpt__excerpt\">Am ersten Mittwoch in den Sommerferien sind wir losgefahren. Wackerles, die einzige andere Familie vom BSCF, waren schon einen Tag davor aufgebrochen. Nach einer nicht ganz so angenehmen Fahrt, Ursache davon waren Stau, eine Umleitung, ein kaputter Bootsh\u00e4nger und keine Tankstelle, sind wir etwas zu sp\u00e4t angekommen. Nachdem wir das Zelt aufgebaut hatten, trafen wir&hellip; <\/p><\/div>\n\n<div class=\"wp-block-post-date\"><time datetime=\"2016-03-16T18:07:15+01:00\">16. M\u00e4rz 2016<\/time><\/div><\/div><\/div>\n\n<\/li><\/ul><\/div>\n","protected":false},"excerpt":{"rendered":"<p>Vorstand 1. Vorsitzender: Gerold Bergen 2. Vorsitzender: Todd Martin Kassier: Rudi Grichtmaier Schriftf\u00fchrer: Alexander Brandstetter Sportwart: Stephan Roth Jugendleiter: Wolfgang Inninger Hafenwart: Klaus Breitlow Umweltschutz-Beauftragter: Peter Wernsd\u00f6rfer Mitglieder Insgesamt 323 Mitglieder Erwachsene: 278 Weiblich: 111 Jugendliche: 21 M\u00e4nnlich: 212 Kinder: 24 Verstorbene Mitglieder Anrede Vorname Nachname Geboren Verstorben Frau Gy\u00f6ngyi Ringel 22.8.1935 6.1.2016 Herr Heinz [&hellip;]<\/p>\n","protected":false},"author":1,"featured_media":0,"parent":0,"menu_order":0,"comment_status":"closed","ping_status":"closed","template":"","meta":{"footnotes":""},"class_list":["post-3796","page","type-page","status-publish","hentry"],"_links":{"self":[{"href":"https:\/\/www.bscf-chiemsee.de\/wordpress\/index.php?rest_route=\/wp\/v2\/pages\/3796","targetHints":{"allow":["GET"]}}],"collection":[{"href":"https:\/\/www.bscf-chiemsee.de\/wordpress\/index.php?rest_route=\/wp\/v2\/pages"}],"about":[{"href":"https:\/\/www.bscf-chiemsee.de\/wordpress\/index.php?rest_route=\/wp\/v2\/types\/page"}],"author":[{"embeddable":true,"href":"https:\/\/www.bscf-chiemsee.de\/wordpress\/index.php?rest_route=\/wp\/v2\/users\/1"}],"replies":[{"embeddable":true,"href":"https:\/\/www.bscf-chiemsee.de\/wordpress\/index.php?rest_route=%2Fwp%2Fv2%2Fcomments&post=3796"}],"version-history":[{"count":3,"href":"https:\/\/www.bscf-chiemsee.de\/wordpress\/index.php?rest_route=\/wp\/v2\/pages\/3796\/revisions"}],"predecessor-version":[{"id":3827,"href":"https:\/\/www.bscf-chiemsee.de\/wordpress\/index.php?rest_route=\/wp\/v2\/pages\/3796\/revisions\/3827"}],"wp:attachment":[{"href":"https:\/\/www.bscf-chiemsee.de\/wordpress\/index.php?rest_route=%2Fwp%2Fv2%2Fmedia&parent=3796"}],"curies":[{"name":"wp","href":"https:\/\/api.w.org\/{rel}","templated":true}]}}