{"id":4418,"date":"2023-06-23T13:34:23","date_gmt":"2023-06-23T11:34:23","guid":{"rendered":"https:\/\/www.bscf-chiemsee.de\/wordpress\/?page_id=4418"},"modified":"2023-06-23T15:54:56","modified_gmt":"2023-06-23T13:54:56","slug":"vereinschronik-2022","status":"publish","type":"page","link":"https:\/\/www.bscf-chiemsee.de\/wordpress\/?page_id=4418","title":{"rendered":"Vereinschronik 2022"},"content":{"rendered":"\n<figure class=\"wp-block-image size-full\"><a href=\"https:\/\/www.bscf-chiemsee.de\/wordpress\/wp-content\/uploads\/2022\/05\/BSCF-Logo-q-edited.gif\"><img loading=\"lazy\" decoding=\"async\" width=\"512\" height=\"341\" src=\"https:\/\/www.bscf-chiemsee.de\/wordpress\/wp-content\/uploads\/2022\/05\/BSCF-Logo-q-edited.gif\" alt=\"\" class=\"wp-image-3748\"\/><\/a><\/figure>\n\n\n\n<h2 class=\"wp-block-heading\">Vorstand<\/h2>\n\n\n\n<figure class=\"wp-block-table\"><table><tbody><tr><td class=\"has-text-align-left\" data-align=\"left\">1. Vorsitzender:<\/td><td><\/td><td>Todd Martin<\/td><\/tr><tr><td class=\"has-text-align-left\" data-align=\"left\">2. Vorsitzender:<\/td><td><\/td><td>Oskar Deibert<\/td><\/tr><tr><td class=\"has-text-align-left\" data-align=\"left\">Kassier:<\/td><td><\/td><td>Rudi Grichtmaier<\/td><\/tr><tr><td class=\"has-text-align-left\" data-align=\"left\">Schriftf\u00fchrer:<\/td><td><\/td><td>Alexander Brandstetter<\/td><\/tr><tr><td class=\"has-text-align-left\" data-align=\"left\">Sportwart:<\/td><td><\/td><td>Stephan Roth<\/td><\/tr><tr><td class=\"has-text-align-left\" data-align=\"left\">Jugendleiter:<\/td><td><\/td><td>Michael Martin<\/td><\/tr><tr><td class=\"has-text-align-left\" data-align=\"left\">Hafenwart:<\/td><td><\/td><td>Paul Winkler<\/td><\/tr><tr><td class=\"has-text-align-left\" data-align=\"left\"><\/td><td><\/td><td><\/td><\/tr><tr><td class=\"has-text-align-left\" data-align=\"left\">Umweltschutz-Beauftragter:<\/td><td><\/td><td>Peter Wernsd\u00f6rfer<\/td><\/tr><\/tbody><\/table><\/figure>\n\n\n\n<h2 class=\"wp-block-heading\">Mitglieder<\/h2>\n\n\n\n<p class=\"has-text-align-center\"><strong>Insgesamt 345 Mitglieder<\/strong><\/p>\n\n\n\n<figure class=\"wp-block-table\"><table><tbody><tr><td>Erwachsene:<\/td><td>295<\/td><\/tr><tr><td>Jugendliche:<\/td><td>50<\/td><\/tr><\/tbody><\/table><\/figure>\n\n\n\n<h2 class=\"wp-block-heading\">Verstorbene Mitglieder<\/h2>\n\n\n\n<p><\/p>\n\n\n\n<figure class=\"wp-block-table\"><table><tbody><tr><td>Anrede<\/td><td>Vorname<\/td><td>Nachname<\/td><td>Geboren<\/td><td>Verstorben<\/td><\/tr><tr><td>Herr<\/td><td>Helmut<\/td><td>R\u00f6tzel<\/td><td>03.08.1949<\/td><td>18.02.2022<\/td><\/tr><tr><td>Herr<\/td><td>Joseph<\/td><td>Eggersdorfer<\/td><td>20.08.1938<\/td><td>01.06.2022<\/td><\/tr><tr><td>Ehrenmitglied<\/td><td>Sepp<\/td><td>Leitner<\/td><td>20.03.1927<\/td><td>20.06.2022<\/td><\/tr><\/tbody><\/table><\/figure>\n\n\n\n<h2 class=\"wp-block-heading\">Beitr\u00e4ge<\/h2>\n\n\n\n<div class=\"wp-block-query is-layout-flow wp-block-query-is-layout-flow\"><ul class=\"is-flex-container columns-3 wp-block-post-template is-layout-flow wp-block-post-template-is-layout-flow\"><li class=\"wp-block-post post-4140 post type-post status-publish format-standard has-post-thumbnail hentry category-aktuelles category-club tag-c2022\">\n\n<div class=\"wp-block-group\" style=\"padding-top:30px;padding-right:30px;padding-bottom:30px;padding-left:30px\"><div class=\"wp-block-group__inner-container is-layout-flow wp-block-group-is-layout-flow\"><h2 class=\"wp-block-post-title\"><a href=\"https:\/\/www.bscf-chiemsee.de\/wordpress\/?p=4140\" target=\"_self\" >Weihnachtsfeier 2022<\/a><\/h2>\n\n<div class=\"wp-block-post-excerpt\"><p class=\"wp-block-post-excerpt__excerpt\">Der BSCF hat sich letzten Freitag zur Weihnachtsfeier getroffen. Die Teilnehmerzahl von \u00fcber 160 Anmeldungen hat schon gezeigt, dass das Konzept Weihnachtsfeier gar keine so schlechte Idee ist. Die letzten Jahre wurde der Saisonabschlu\u00df ja nicht mehr im Rahmen einer Weihnachtsfeier durchgef\u00fchrt, aber dieses Jahr gab es das volle Programm: und nat\u00fcrlich jede Menge netter&hellip; <\/p><\/div>\n\n<div class=\"wp-block-post-date\"><time datetime=\"2022-12-06T00:31:29+01:00\">6. Dezember 2022<\/time><\/div><\/div><\/div>\n\n<\/li><li class=\"wp-block-post post-4086 post type-post status-publish format-standard has-post-thumbnail hentry category-aktuelles category-club category-regatta tag-c2022\">\n\n<div class=\"wp-block-group\" style=\"padding-top:30px;padding-right:30px;padding-bottom:30px;padding-left:30px\"><div class=\"wp-block-group__inner-container is-layout-flow wp-block-group-is-layout-flow\"><h2 class=\"wp-block-post-title\"><a href=\"https:\/\/www.bscf-chiemsee.de\/wordpress\/?p=4086\" target=\"_self\" >European Open der ASSO99 beim BSCF<\/a><\/h2>\n\n<div class=\"wp-block-post-excerpt\"><p class=\"wp-block-post-excerpt__excerpt\">Gute Stimmung und spannende Wettrennen \u201cSo eine tolle Atmosph\u00e4re\u201d, \u201cso toll organisiert\u201d: Die Segler aus aller Herren L\u00e4nder zeigten sich sehr angetan von der European Open ASSO99, die heuer beim Bernauer Segel-Club Felden (BSCF) stattfand. Drei Tage lang ma\u00dfen sich \u00fcber 130 Segler aus sieben Nationen auf dem bayrischen Meer. F\u00fcr das Team des BSCF&hellip; <\/p><\/div>\n\n<div class=\"wp-block-post-date\"><time datetime=\"2022-10-07T21:36:23+02:00\">7. Oktober 2022<\/time><\/div><\/div><\/div>\n\n<\/li><li class=\"wp-block-post post-4077 post type-post status-publish format-standard hentry category-club tag-c2022\">\n\n<div class=\"wp-block-group\" style=\"padding-top:30px;padding-right:30px;padding-bottom:30px;padding-left:30px\"><div class=\"wp-block-group__inner-container is-layout-flow wp-block-group-is-layout-flow\"><h2 class=\"wp-block-post-title\"><a href=\"https:\/\/www.bscf-chiemsee.de\/wordpress\/?p=4077\" target=\"_self\" >Herbstliches kranen im Gemeindehafen<\/a><\/h2>\n\n<div class=\"wp-block-post-excerpt\"><p class=\"wp-block-post-excerpt__excerpt\">Am 28. Oktober ist wieder das herbstliche Auskranen zum Saison Ende im Gemeindehafen Anmeldung unter: https:\/\/www.manage2sail.com\/e\/Kranen. <\/p><\/div>\n\n<div class=\"wp-block-post-date\"><time datetime=\"2022-10-01T14:32:18+02:00\">1. Oktober 2022<\/time><\/div><\/div><\/div>\n\n<\/li><li class=\"wp-block-post post-3856 post type-post status-publish format-standard has-post-thumbnail hentry category-aktuelles category-club tag-c2022 tag-ibiza tag-sommerfest\">\n\n<div class=\"wp-block-group\" style=\"padding-top:30px;padding-right:30px;padding-bottom:30px;padding-left:30px\"><div class=\"wp-block-group__inner-container is-layout-flow wp-block-group-is-layout-flow\"><h2 class=\"wp-block-post-title\"><a href=\"https:\/\/www.bscf-chiemsee.de\/wordpress\/?p=3856\" target=\"_self\" >Sommerfest 2022 &#8211; &#8222;IBIZA&#8220;<\/a><\/h2>\n\n<div class=\"wp-block-post-excerpt\"><p class=\"wp-block-post-excerpt__excerpt\">Liebe Segelfreunde, Vielen Dank f\u00fcr Eure zahlreiche Teilnahme am Sommerfest! Wind und Wetter waren auf unserer Seite, und einige hatten ihr Tanzbein mitgebracht &#8211; ob jung oder alt, ihr habt den Club mit Leben gef\u00fcllt! Und so ging die Feier bei Sangria, und Paella, Tapas und Wein, Musik und Coqutails bis weit nach Mitternacht. Ein&hellip; <\/p><\/div>\n\n<div class=\"wp-block-post-date\"><time datetime=\"2022-07-29T15:14:32+02:00\">29. Juli 2022<\/time><\/div><\/div><\/div>\n\n<\/li><li class=\"wp-block-post post-3787 post type-post status-publish format-standard has-post-thumbnail hentry category-aktuelles category-club category-jugend category-regatta tag-bernauer-opti tag-c2022 tag-opti\">\n\n<div class=\"wp-block-group\" style=\"padding-top:30px;padding-right:30px;padding-bottom:30px;padding-left:30px\"><div class=\"wp-block-group__inner-container is-layout-flow wp-block-group-is-layout-flow\"><h2 class=\"wp-block-post-title\"><a href=\"https:\/\/www.bscf-chiemsee.de\/wordpress\/?p=3787\" target=\"_self\" >Bernauer Opti 2022<\/a><\/h2>\n\n<div class=\"wp-block-post-excerpt\"><p class=\"wp-block-post-excerpt__excerpt\">Bei traumhaftem Wetter und guten 4 Bft aus \u00f6stlicher Richtung konnten heute 18 B-Optimisten, das Regattasegeln genie\u00dfen! P\u00fcnktlich um 12 Uhr ging es auf dem Wasser zur 1. Wettfahrt auf die Bahn. Es folgten 3 weitere Rennen direkt hintereinander. An der Spitze entwickelte sich ein Kopf an Kopf Rennen zwischen Benedikt Hirschberger (BSCF\/SCBC) und Olivia&hellip; <\/p><\/div>\n\n<div class=\"wp-block-post-date\"><time datetime=\"2022-07-02T22:37:10+02:00\">2. Juli 2022<\/time><\/div><\/div><\/div>\n\n<\/li><li class=\"wp-block-post post-3783 post type-post status-publish format-standard has-post-thumbnail hentry category-aktuelles category-club category-jugend tag-c2022 tag-jugend tag-jugendwoche\">\n\n<div class=\"wp-block-group\" style=\"padding-top:30px;padding-right:30px;padding-bottom:30px;padding-left:30px\"><div class=\"wp-block-group__inner-container is-layout-flow wp-block-group-is-layout-flow\"><h2 class=\"wp-block-post-title\"><a href=\"https:\/\/www.bscf-chiemsee.de\/wordpress\/?p=3783\" target=\"_self\" >Jugendwoche am Bernauer-Segelclub<\/a><\/h2>\n\n<div class=\"wp-block-post-excerpt\"><p class=\"wp-block-post-excerpt__excerpt\">Vom 13. bis zum 17. Juni fand wie jedes Jahr die Jugendwoche am Bernauer-Segelclub statt. Dieses Jahr waren es ca. 30 Jugendliche die eine Woche lang zusammen ihre F\u00e4higkeiten verbessern und neue erlernen konnten. Gl\u00fccklicher Weise waren die Wetter und Windbedingungen gr\u00f6\u00dften Teils gut. So konnten die 18 Anf\u00e4nger und 11 Fortgeschrittene problemlos in die&hellip; <\/p><\/div>\n\n<div class=\"wp-block-post-date\"><time datetime=\"2022-06-27T13:56:33+02:00\">27. Juni 2022<\/time><\/div><\/div><\/div>\n\n<\/li><\/ul><\/div>\n","protected":false},"excerpt":{"rendered":"<p>Vorstand 1. Vorsitzender: Todd Martin 2. Vorsitzender: Oskar Deibert Kassier: Rudi Grichtmaier Schriftf\u00fchrer: Alexander Brandstetter Sportwart: Stephan Roth Jugendleiter: Michael Martin Hafenwart: Paul Winkler Umweltschutz-Beauftragter: Peter Wernsd\u00f6rfer Mitglieder Insgesamt 345 Mitglieder Erwachsene: 295 Jugendliche: 50 Verstorbene Mitglieder Anrede Vorname Nachname Geboren Verstorben Herr Helmut R\u00f6tzel 03.08.1949 18.02.2022 Herr Joseph Eggersdorfer 20.08.1938 01.06.2022 Ehrenmitglied Sepp Leitner [&hellip;]<\/p>\n","protected":false},"author":1,"featured_media":0,"parent":0,"menu_order":0,"comment_status":"closed","ping_status":"closed","template":"","meta":{"footnotes":""},"class_list":["post-4418","page","type-page","status-publish","hentry"],"_links":{"self":[{"href":"https:\/\/www.bscf-chiemsee.de\/wordpress\/index.php?rest_route=\/wp\/v2\/pages\/4418","targetHints":{"allow":["GET"]}}],"collection":[{"href":"https:\/\/www.bscf-chiemsee.de\/wordpress\/index.php?rest_route=\/wp\/v2\/pages"}],"about":[{"href":"https:\/\/www.bscf-chiemsee.de\/wordpress\/index.php?rest_route=\/wp\/v2\/types\/page"}],"author":[{"embeddable":true,"href":"https:\/\/www.bscf-chiemsee.de\/wordpress\/index.php?rest_route=\/wp\/v2\/users\/1"}],"replies":[{"embeddable":true,"href":"https:\/\/www.bscf-chiemsee.de\/wordpress\/index.php?rest_route=%2Fwp%2Fv2%2Fcomments&post=4418"}],"version-history":[{"count":6,"href":"https:\/\/www.bscf-chiemsee.de\/wordpress\/index.php?rest_route=\/wp\/v2\/pages\/4418\/revisions"}],"predecessor-version":[{"id":4431,"href":"https:\/\/www.bscf-chiemsee.de\/wordpress\/index.php?rest_route=\/wp\/v2\/pages\/4418\/revisions\/4431"}],"wp:attachment":[{"href":"https:\/\/www.bscf-chiemsee.de\/wordpress\/index.php?rest_route=%2Fwp%2Fv2%2Fmedia&parent=4418"}],"curies":[{"name":"wp","href":"https:\/\/api.w.org\/{rel}","templated":true}]}}