{"id":4699,"date":"2024-06-06T16:20:54","date_gmt":"2024-06-06T14:20:54","guid":{"rendered":"https:\/\/www.bscf-chiemsee.de\/wordpress\/?page_id=4699"},"modified":"2024-09-03T10:54:08","modified_gmt":"2024-09-03T08:54:08","slug":"vereinschronik-2023","status":"publish","type":"page","link":"https:\/\/www.bscf-chiemsee.de\/wordpress\/?page_id=4699","title":{"rendered":"Vereinschronik 2023"},"content":{"rendered":"\n<figure class=\"wp-block-image size-full\"><a href=\"https:\/\/www.bscf-chiemsee.de\/wordpress\/wp-content\/uploads\/2022\/05\/BSCF-Logo-q-edited.gif\"><img loading=\"lazy\" decoding=\"async\" width=\"512\" height=\"341\" src=\"https:\/\/www.bscf-chiemsee.de\/wordpress\/wp-content\/uploads\/2022\/05\/BSCF-Logo-q-edited.gif\" alt=\"\" class=\"wp-image-3748\"\/><\/a><\/figure>\n\n\n\n<h2 class=\"wp-block-heading\">Vorstand<\/h2>\n\n\n\n<figure class=\"wp-block-table\"><table><tbody><tr><td class=\"has-text-align-left\" data-align=\"left\">1. Vorsitzender:<\/td><td><\/td><td>Todd Martin<\/td><\/tr><tr><td class=\"has-text-align-left\" data-align=\"left\">2. Vorsitzender:<\/td><td><\/td><td>Oskar Deibert<\/td><\/tr><tr><td class=\"has-text-align-left\" data-align=\"left\">Kassier:<\/td><td><\/td><td>Rudi Grichtmaier<\/td><\/tr><tr><td class=\"has-text-align-left\" data-align=\"left\">Schriftf\u00fchrer:<\/td><td><\/td><td>Alexander Brandstetter<\/td><\/tr><tr><td class=\"has-text-align-left\" data-align=\"left\">Sportwart:<\/td><td><\/td><td>Stephan Roth<\/td><\/tr><tr><td class=\"has-text-align-left\" data-align=\"left\">Jugendleiter:<\/td><td><\/td><td>Michael Martin<\/td><\/tr><tr><td class=\"has-text-align-left\" data-align=\"left\">Hafenwart:<\/td><td><\/td><td>Paul Winkler<\/td><\/tr><tr><td class=\"has-text-align-left\" data-align=\"left\"><\/td><td><\/td><td><\/td><\/tr><tr><td class=\"has-text-align-left\" data-align=\"left\">Umweltschutz-Beauftragter:<\/td><td><\/td><td>Peter Wernsd\u00f6rfer<\/td><\/tr><\/tbody><\/table><\/figure>\n\n\n\n<h2 class=\"wp-block-heading\">Mitglieder<\/h2>\n\n\n\n<p class=\"has-text-align-center\"><strong>Insgesamt 371 Mitglieder<\/strong><\/p>\n\n\n\n<figure class=\"wp-block-table\"><table><tbody><tr><td>Erwachsene:<\/td><td>272<\/td><\/tr><tr><td>Jugendliche (-18):<\/td><td>99<\/td><\/tr><\/tbody><\/table><\/figure>\n\n\n\n<h2 class=\"wp-block-heading\">Verstorbene Mitglieder<\/h2>\n\n\n\n<p><\/p>\n\n\n\n<figure class=\"wp-block-table\"><table><tbody><tr><td>Anrede<\/td><td>Vorname<\/td><td>Nachname<\/td><td>Verstorben<\/td><\/tr><tr><td>Herr<\/td><td>Peter<\/td><td>Ostermaier<\/td><td>27.8.2023<\/td><\/tr><tr><td>Frau<\/td><td>Elfriede<\/td><td>Wengenmayer<\/td><td>26.3.2023<\/td><\/tr><tr><td>Frau<\/td><td>Manuela<\/td><td>Tischler-Brauner<\/td><td>25.8.2023<\/td><\/tr><\/tbody><\/table><\/figure>\n\n\n\n<h2 class=\"wp-block-heading\">Beitr\u00e4ge<\/h2>\n\n\n\n<div class=\"wp-block-query is-layout-flow wp-block-query-is-layout-flow\"><ul class=\"columns-3 wp-block-post-template is-layout-grid wp-container-core-post-template-is-layout-6d3fbd8f wp-block-post-template-is-layout-grid\"><li class=\"wp-block-post post-4543 post type-post status-publish format-standard has-post-thumbnail hentry category-aktuelles category-club category-regatta tag-c2023\">\n\n<div class=\"wp-block-group\" style=\"padding-top:30px;padding-right:30px;padding-bottom:30px;padding-left:30px\"><div class=\"wp-block-group__inner-container is-layout-flow wp-block-group-is-layout-flow\"><h2 class=\"wp-block-post-title\"><a href=\"https:\/\/www.bscf-chiemsee.de\/wordpress\/?p=4543\" target=\"_self\" >Clubmeisterschaft 2023<\/a><\/h2>\n\n<div class=\"wp-block-post-excerpt\"><p class=\"wp-block-post-excerpt__excerpt\">Das Ergebnis der Clubmeisterschaft 2023 findet Ihr hier. Wir gratulieren der neuen Clubmeisterin Iris Martin &amp; Crew, sowie Bert Janssen und Johannes Kratz mit Crew. <\/p><\/div>\n\n<div class=\"wp-block-post-date\"><time datetime=\"2023-12-13T22:07:37+01:00\">13. Dezember 2023<\/time><\/div><\/div><\/div>\n\n<\/li><li class=\"wp-block-post post-4514 post type-post status-publish format-standard hentry category-club tag-c2023\">\n\n<div class=\"wp-block-group\" style=\"padding-top:30px;padding-right:30px;padding-bottom:30px;padding-left:30px\"><div class=\"wp-block-group__inner-container is-layout-flow wp-block-group-is-layout-flow\"><h2 class=\"wp-block-post-title\"><a href=\"https:\/\/www.bscf-chiemsee.de\/wordpress\/?p=4514\" target=\"_self\" >Winter rechtzeitig zur Weihnachtsfeier angekommen!<\/a><\/h2>\n\n<div class=\"wp-block-post-excerpt\"><p class=\"wp-block-post-excerpt__excerpt\">Am 2.12 p\u00fcnktlich um 18:00 traffen sich die BSCF Mitgleider zur diesj\u00e4hrigen Weihnachtsfeier. etwa 2\/3 der angek\u00fcndigten G\u00e4ste trotzten dem schlechten Wetter und machten sich auf den Weg nach Rottau zum Gasthaus Messerschmied. Dabei war das eigentlich ein ganz normaler Wintertag f\u00fcr all diejenigen, die an die Strenge der fr\u00fcheren Winter sich noch daran erinnern&hellip; <\/p><\/div>\n\n<div class=\"wp-block-post-date\"><time datetime=\"2023-12-05T18:58:20+01:00\">5. Dezember 2023<\/time><\/div><\/div><\/div>\n\n<\/li><li class=\"wp-block-post post-4457 post type-post status-publish format-standard hentry category-club tag-c2023\">\n\n<div class=\"wp-block-group\" style=\"padding-top:30px;padding-right:30px;padding-bottom:30px;padding-left:30px\"><div class=\"wp-block-group__inner-container is-layout-flow wp-block-group-is-layout-flow\"><h2 class=\"wp-block-post-title\"><a href=\"https:\/\/www.bscf-chiemsee.de\/wordpress\/?p=4457\" target=\"_self\" >Sommerfest Video\/Fotos<\/a><\/h2>\n\n<div class=\"wp-block-post-excerpt\"><p class=\"wp-block-post-excerpt__excerpt\"> <\/p><\/div>\n\n<div class=\"wp-block-post-date\"><time datetime=\"2023-07-14T22:28:19+02:00\">14. Juli 2023<\/time><\/div><\/div><\/div>\n\n<\/li><li class=\"wp-block-post post-4201 post type-post status-publish format-standard has-post-thumbnail hentry category-aktuelles category-jugend category-regatta tag-c2023\">\n\n<div class=\"wp-block-group\" style=\"padding-top:30px;padding-right:30px;padding-bottom:30px;padding-left:30px\"><div class=\"wp-block-group__inner-container is-layout-flow wp-block-group-is-layout-flow\"><h2 class=\"wp-block-post-title\"><a href=\"https:\/\/www.bscf-chiemsee.de\/wordpress\/?p=4201\" target=\"_self\" >18 Footer WM beginnt am 4.3.23!  Seid Live dabei im YouTube!<\/a><\/h2>\n\n<div class=\"wp-block-post-excerpt\"><p class=\"wp-block-post-excerpt__excerpt\">Heinrich von Bayern (BYC) , Tom und Andy Martin sind Teilnehmer der JJ Giltinan 18ft Skiff Regatta, die vom 4. M\u00e4rz 2023 &nbsp;in Sydney beginnt und bis zum 12. M\u00e4rz andauert. Die Regatta ist eines der bedeutendsten Segelereignisse der Welt und zieht jedes Jahr Segelteams aus der ganzen Welt an. In diesem Jahr werden insgesamt&hellip; <\/p><\/div>\n\n<div class=\"wp-block-post-date\"><time datetime=\"2023-03-03T12:26:25+01:00\">3. M\u00e4rz 2023<\/time><\/div><\/div><\/div>\n\n<\/li><li class=\"wp-block-post post-4184 post type-post status-publish format-standard has-post-thumbnail hentry category-aktuelles category-club tag-c2023\">\n\n<div class=\"wp-block-group\" style=\"padding-top:30px;padding-right:30px;padding-bottom:30px;padding-left:30px\"><div class=\"wp-block-group__inner-container is-layout-flow wp-block-group-is-layout-flow\"><h2 class=\"wp-block-post-title\"><a href=\"https:\/\/www.bscf-chiemsee.de\/wordpress\/?p=4184\" target=\"_self\" >2. Seglerhock ein Genu\u00df f\u00fcr Jung und Alt!<\/a><\/h2>\n\n<div class=\"wp-block-post-excerpt\"><p class=\"wp-block-post-excerpt__excerpt\">Am Abend des 24. Februars 2023 fand der 2. Seglerhock des Segelvereins BSCF im alten Wirt in Bernau am Chiemsee statt. Die gut besuchte Veranstaltung bot eine gro\u00dfartige Gelegenheit f\u00fcr die Mitglieder, um sich \u00fcber die neuesten Themen und Aktivit\u00e4ten des Vereins auszutauschen. Der Vorstand Todd Martin er\u00f6ffnete die Veranstaltung mit aktuellen Themen wie dem&hellip; <\/p><\/div>\n\n<div class=\"wp-block-post-date\"><time datetime=\"2023-02-25T13:47:19+01:00\">25. Februar 2023<\/time><\/div><\/div><\/div>\n\n<\/li><\/ul><\/div>\n","protected":false},"excerpt":{"rendered":"<p>Vorstand 1. Vorsitzender: Todd Martin 2. Vorsitzender: Oskar Deibert Kassier: Rudi Grichtmaier Schriftf\u00fchrer: Alexander Brandstetter Sportwart: Stephan Roth Jugendleiter: Michael Martin Hafenwart: Paul Winkler Umweltschutz-Beauftragter: Peter Wernsd\u00f6rfer Mitglieder Insgesamt 371 Mitglieder Erwachsene: 272 Jugendliche (-18): 99 Verstorbene Mitglieder Anrede Vorname Nachname Verstorben Herr Peter Ostermaier 27.8.2023 Frau Elfriede Wengenmayer 26.3.2023 Frau Manuela Tischler-Brauner 25.8.2023 Beitr\u00e4ge<\/p>\n","protected":false},"author":1,"featured_media":0,"parent":0,"menu_order":0,"comment_status":"closed","ping_status":"closed","template":"","meta":{"footnotes":""},"class_list":["post-4699","page","type-page","status-publish","hentry"],"_links":{"self":[{"href":"https:\/\/www.bscf-chiemsee.de\/wordpress\/index.php?rest_route=\/wp\/v2\/pages\/4699","targetHints":{"allow":["GET"]}}],"collection":[{"href":"https:\/\/www.bscf-chiemsee.de\/wordpress\/index.php?rest_route=\/wp\/v2\/pages"}],"about":[{"href":"https:\/\/www.bscf-chiemsee.de\/wordpress\/index.php?rest_route=\/wp\/v2\/types\/page"}],"author":[{"embeddable":true,"href":"https:\/\/www.bscf-chiemsee.de\/wordpress\/index.php?rest_route=\/wp\/v2\/users\/1"}],"replies":[{"embeddable":true,"href":"https:\/\/www.bscf-chiemsee.de\/wordpress\/index.php?rest_route=%2Fwp%2Fv2%2Fcomments&post=4699"}],"version-history":[{"count":7,"href":"https:\/\/www.bscf-chiemsee.de\/wordpress\/index.php?rest_route=\/wp\/v2\/pages\/4699\/revisions"}],"predecessor-version":[{"id":4752,"href":"https:\/\/www.bscf-chiemsee.de\/wordpress\/index.php?rest_route=\/wp\/v2\/pages\/4699\/revisions\/4752"}],"wp:attachment":[{"href":"https:\/\/www.bscf-chiemsee.de\/wordpress\/index.php?rest_route=%2Fwp%2Fv2%2Fmedia&parent=4699"}],"curies":[{"name":"wp","href":"https:\/\/api.w.org\/{rel}","templated":true}]}}