{"id":4832,"date":"2025-01-07T14:10:40","date_gmt":"2025-01-07T13:10:40","guid":{"rendered":"https:\/\/www.bscf-chiemsee.de\/wordpress\/?page_id=4832"},"modified":"2025-01-07T14:51:28","modified_gmt":"2025-01-07T13:51:28","slug":"vereinschronik-2024","status":"publish","type":"page","link":"https:\/\/www.bscf-chiemsee.de\/wordpress\/?page_id=4832","title":{"rendered":"Vereinschronik 2024"},"content":{"rendered":"\n<figure class=\"wp-block-image size-full\"><a href=\"https:\/\/www.bscf-chiemsee.de\/wordpress\/wp-content\/uploads\/2022\/05\/BSCF-Logo-q-edited.gif\"><img loading=\"lazy\" decoding=\"async\" width=\"512\" height=\"341\" src=\"https:\/\/www.bscf-chiemsee.de\/wordpress\/wp-content\/uploads\/2022\/05\/BSCF-Logo-q-edited.gif\" alt=\"\" class=\"wp-image-3748\"\/><\/a><\/figure>\n\n\n\n<h2 class=\"wp-block-heading\">Vorstand<\/h2>\n\n\n\n<figure class=\"wp-block-table\"><table><tbody><tr><td class=\"has-text-align-left\" data-align=\"left\">1. Vorsitzender:<\/td><td><\/td><td>Todd Martin<\/td><\/tr><tr><td class=\"has-text-align-left\" data-align=\"left\">2. Vorsitzender:<\/td><td><\/td><td>Oskar Deibert<\/td><\/tr><tr><td class=\"has-text-align-left\" data-align=\"left\">Kassier:<\/td><td><\/td><td>Rudi Grichtmaier<\/td><\/tr><tr><td class=\"has-text-align-left\" data-align=\"left\">Schriftf\u00fchrer:<\/td><td><\/td><td>Alexander Brandstetter<\/td><\/tr><tr><td class=\"has-text-align-left\" data-align=\"left\">Sportwart:<\/td><td><\/td><td>Stephan Roth<\/td><\/tr><tr><td class=\"has-text-align-left\" data-align=\"left\">Jugendleiter:<\/td><td><\/td><td>Michael Martin<\/td><\/tr><tr><td class=\"has-text-align-left\" data-align=\"left\">Hafenwart:<\/td><td><\/td><td>Paul Winkler<\/td><\/tr><tr><td class=\"has-text-align-left\" data-align=\"left\"><\/td><td><\/td><td><\/td><\/tr><tr><td class=\"has-text-align-left\" data-align=\"left\">Umweltschutz-Beauftragter:<\/td><td><\/td><td>Peter Wernsd\u00f6rfer<\/td><\/tr><\/tbody><\/table><\/figure>\n\n\n\n<h2 class=\"wp-block-heading\">Mitglieder<\/h2>\n\n\n\n<p class=\"has-text-align-center\"><strong>Insgesamt 381 Mitglieder<\/strong><\/p>\n\n\n\n<figure class=\"wp-block-table\"><table><tbody><tr><td>Erwachsene:<\/td><td>280 (+8)<\/td><\/tr><tr><td>Jugendliche (-18):<\/td><td>101 (+2)<\/td><\/tr><\/tbody><\/table><\/figure>\n\n\n\n<h2 class=\"wp-block-heading\">Verstorbene Mitglieder<\/h2>\n\n\n\n<p>keine<\/p>\n\n\n\n<h2 class=\"wp-block-heading\">Beitr\u00e4ge<\/h2>\n\n\n\n<div class=\"wp-block-query is-layout-flow wp-block-query-is-layout-flow\"><ul class=\"columns-3 wp-block-post-template is-layout-grid wp-container-core-post-template-is-layout-6d3fbd8f wp-block-post-template-is-layout-grid\"><li class=\"wp-block-post post-4551 post type-post status-publish format-standard has-post-thumbnail hentry category-aktuelles category-club category-regatta tag-c2024\">\n\n<div class=\"wp-block-group\" style=\"padding-top:30px;padding-right:30px;padding-bottom:30px;padding-left:30px\"><div class=\"wp-block-group__inner-container is-layout-flow wp-block-group-is-layout-flow\"><h2 class=\"wp-block-post-title\"><a href=\"https:\/\/www.bscf-chiemsee.de\/wordpress\/?p=4551\" target=\"_self\" >Die Saison hat angefangen!<\/a><\/h2>\n\n<div class=\"wp-block-post-excerpt\"><p class=\"wp-block-post-excerpt__excerpt\">Erstes Wochenende mit Betrieb im Clubhaus in der Saison 2024 Am Freitag trafen sich einige flei\u00dfige angehende Funker zur ersten Praxisrunde an den Funkger\u00e4ten im BSCF. Unter der fachkundigen Anleitung von Stephan Kurus wurden Funkverfahren f\u00fcr verschiedene (Not)situationen trainiert um in k\u00fcrze die Pr\u00fcfung zum Sort-Range-Certificate erfolgreich zu absolvieren. Schon am n\u00e4chsten Morgen war der&hellip; <\/p><\/div>\n\n<div class=\"wp-block-post-date\"><time datetime=\"2024-02-18T22:22:32+01:00\">18. Februar 2024<\/time><\/div><\/div><\/div>\n\n<\/li><li class=\"wp-block-post post-4572 post type-post status-publish format-standard has-post-thumbnail hentry category-aktuelles category-club tag-c2024\">\n\n<div class=\"wp-block-group\" style=\"padding-top:30px;padding-right:30px;padding-bottom:30px;padding-left:30px\"><div class=\"wp-block-group__inner-container is-layout-flow wp-block-group-is-layout-flow\"><h2 class=\"wp-block-post-title\"><a href=\"https:\/\/www.bscf-chiemsee.de\/wordpress\/?p=4572\" target=\"_self\" >3. Segelhock 2024<\/a><\/h2>\n\n<div class=\"wp-block-post-excerpt\"><p class=\"wp-block-post-excerpt__excerpt\">Es war ein sehr gelungener Abend mit gutem Essen, Gulaschsuppe mit Semmelkn\u00f6del und Salat, einem tollen Film vom Peter, Rolf und Dieter sowie einem \u00fcberaus interessanten Vortrag zum Thema Splei\u00dfen von Mickey und Tommy. Wir hatten auch eine rekordverd\u00e4chtige Teilnehmerzahl von ca 45 Leute! Wer seinen Splei\u00df-Wissen noch vertiefen m\u00f6chte, kann bitte diesen Link besuchen.&hellip; <\/p><\/div>\n\n<div class=\"wp-block-post-date\"><time datetime=\"2024-03-20T19:31:10+01:00\">20. M\u00e4rz 2024<\/time><\/div><\/div><\/div>\n\n<\/li><li class=\"wp-block-post post-4578 post type-post status-publish format-standard has-post-thumbnail hentry category-club tag-c2024\">\n\n<div class=\"wp-block-group\" style=\"padding-top:30px;padding-right:30px;padding-bottom:30px;padding-left:30px\"><div class=\"wp-block-group__inner-container is-layout-flow wp-block-group-is-layout-flow\"><h2 class=\"wp-block-post-title\"><a href=\"https:\/\/www.bscf-chiemsee.de\/wordpress\/?p=4578\" target=\"_self\" >Die Segler auf der Alm.<\/a><\/h2>\n\n<div class=\"wp-block-post-excerpt\"><p class=\"wp-block-post-excerpt__excerpt\">3 Tage mit den Seglern auf der P\u00f6lcher H\u00fctte (Hochriesgebiet) Bei sch\u00f6nem Wetter rauf und bei Winter Wetter wieder runter. Vielen Dank an Paul, der uns das m\u00f6glich macht. <\/p><\/div>\n\n<div class=\"wp-block-post-date\"><time datetime=\"2024-03-24T19:42:32+01:00\">24. M\u00e4rz 2024<\/time><\/div><\/div><\/div>\n\n<\/li><li class=\"wp-block-post post-4640 post type-post status-publish format-standard has-post-thumbnail hentry category-aktuelles category-club tag-c2024\">\n\n<div class=\"wp-block-group\" style=\"padding-top:30px;padding-right:30px;padding-bottom:30px;padding-left:30px\"><div class=\"wp-block-group__inner-container is-layout-flow wp-block-group-is-layout-flow\"><h2 class=\"wp-block-post-title\"><a href=\"https:\/\/www.bscf-chiemsee.de\/wordpress\/?p=4640\" target=\"_self\" >Fr\u00fchjahrsarbeitsdienst 2024<\/a><\/h2>\n\n<div class=\"wp-block-post-excerpt\"><p class=\"wp-block-post-excerpt__excerpt\">Am Wochenende war gro\u00dfes Rama Dama am Clubgel\u00e4nde des BSCF. 42 flei\u00dfige Helfer, jung wie alt, haben das Gel\u00e4nde aufger\u00e4umt und wurden von Iris und Marion mit leckerem Kichererbsen Curry mit Reis sowie mit Kaffee, Kuchen und Keksen versorgt. <\/p><\/div>\n\n<div class=\"wp-block-post-date\"><time datetime=\"2024-04-08T20:44:51+02:00\">8. April 2024<\/time><\/div><\/div><\/div>\n\n<\/li><li class=\"wp-block-post post-4645 post type-post status-publish format-standard has-post-thumbnail hentry category-club category-jugend category-regatta tag-c2024\">\n\n<div class=\"wp-block-group\" style=\"padding-top:30px;padding-right:30px;padding-bottom:30px;padding-left:30px\"><div class=\"wp-block-group__inner-container is-layout-flow wp-block-group-is-layout-flow\"><h2 class=\"wp-block-post-title\"><a href=\"https:\/\/www.bscf-chiemsee.de\/wordpress\/?p=4645\" target=\"_self\" >1. OPTI-Regatta der Saison<\/a><\/h2>\n\n<div class=\"wp-block-post-excerpt\"><p class=\"wp-block-post-excerpt__excerpt\">Mit dem Sparkassen-Cup am Simmssee begann f\u00fcr die BSCF-Optikinder die heimische Regattasaion und leider war gleich erstmal warten auf Wind angesagt. So wurde bis 17 Uhr gekl\u00f6nt, gezockt und gebadet. Zu Abschluss des ersten Tages gab&#8217;s f\u00fcr alle Segler und Betreuer noch ein Abendessen. N\u00e4chster Startversuch Sonntag 10 Uhr. <\/p><\/div>\n\n<div class=\"wp-block-post-date\"><time datetime=\"2024-04-14T00:35:37+02:00\">14. April 2024<\/time><\/div><\/div><\/div>\n\n<\/li><li class=\"wp-block-post post-4648 post type-post status-publish format-standard has-post-thumbnail hentry category-aktuelles category-jugend category-regatta tag-c2024\">\n\n<div class=\"wp-block-group\" style=\"padding-top:30px;padding-right:30px;padding-bottom:30px;padding-left:30px\"><div class=\"wp-block-group__inner-container is-layout-flow wp-block-group-is-layout-flow\"><h2 class=\"wp-block-post-title\"><a href=\"https:\/\/www.bscf-chiemsee.de\/wordpress\/?p=4648\" target=\"_self\" >Sparkassen-Cup am Simssee<\/a><\/h2>\n\n<div class=\"wp-block-post-excerpt\"><p class=\"wp-block-post-excerpt__excerpt\">Heute hatten wir mehr Gl\u00fcck mit dem Wind. Das Wettfahrtteam des SRS konnte 4 tolle Wettfahrten abhalten, bei denen sich die Kids dem Wetter anpassen und sehr regelkonform und fair Segelten. Die Jury aus Simone Garske und Stefan Roth konnte sich an den sch\u00f6nen Segelbildern erfreuen und hatte sonst nix zu tun. Die Ergebnisse der&hellip; <\/p><\/div>\n\n<div class=\"wp-block-post-date\"><time datetime=\"2024-04-14T23:39:24+02:00\">14. April 2024<\/time><\/div><\/div><\/div>\n\n<\/li><li class=\"wp-block-post post-4660 post type-post status-publish format-standard has-post-thumbnail hentry category-aktuelles category-club category-jugend category-regatta tag-c2024\">\n\n<div class=\"wp-block-group\" style=\"padding-top:30px;padding-right:30px;padding-bottom:30px;padding-left:30px\"><div class=\"wp-block-group__inner-container is-layout-flow wp-block-group-is-layout-flow\"><h2 class=\"wp-block-post-title\"><a href=\"https:\/\/www.bscf-chiemsee.de\/wordpress\/?p=4660\" target=\"_self\" >Alpenland Trophy 2024<\/a><\/h2>\n\n<div class=\"wp-block-post-excerpt\"><p class=\"wp-block-post-excerpt__excerpt\">Erste Regatta der Saison am Chiemsee <\/p><\/div>\n\n<div class=\"wp-block-post-date\"><time datetime=\"2024-04-21T21:40:52+02:00\">21. April 2024<\/time><\/div><\/div><\/div>\n\n<\/li><li class=\"wp-block-post post-4678 post type-post status-publish format-standard has-post-thumbnail hentry category-aktuelles category-regatta tag-c2024 tag-deutsche-meisterschaft tag-rs-venture\">\n\n<div class=\"wp-block-group\" style=\"padding-top:30px;padding-right:30px;padding-bottom:30px;padding-left:30px\"><div class=\"wp-block-group__inner-container is-layout-flow wp-block-group-is-layout-flow\"><h2 class=\"wp-block-post-title\"><a href=\"https:\/\/www.bscf-chiemsee.de\/wordpress\/?p=4678\" target=\"_self\" >Inklusive Internationale Deutsche Meisterschaft RS-Venture 2024, SCPC Prien<\/a><\/h2>\n\n<div class=\"wp-block-post-excerpt\"><p class=\"wp-block-post-excerpt__excerpt\">Vom 1-5. Mai findet beim SCPC in Prien, die IIDM der RS-Venture statt. Das Format ist dadurch gekennzeichnet das ein gehandikapter Segler und ein nicht gehandikapter Segler oder zwei gehandikapte Segler zusammen auf einem Boot segeln, das f\u00fcr die Bed\u00fcrfnisse der gehandikapten Segler ausgelegt ist. Mit Gro\u00df, Fock und Gennaker wird in \u201eumpired fleet race\u201c&hellip; <\/p><\/div>\n\n<div class=\"wp-block-post-date\"><time datetime=\"2024-05-03T23:59:03+02:00\">3. Mai 2024<\/time><\/div><\/div><\/div>\n\n<\/li><li class=\"wp-block-post post-4753 post type-post status-publish format-standard has-post-thumbnail hentry category-club category-jugend tag-c2024\">\n\n<div class=\"wp-block-group\" style=\"padding-top:30px;padding-right:30px;padding-bottom:30px;padding-left:30px\"><div class=\"wp-block-group__inner-container is-layout-flow wp-block-group-is-layout-flow\"><h2 class=\"wp-block-post-title\"><a href=\"https:\/\/www.bscf-chiemsee.de\/wordpress\/?p=4753\" target=\"_self\" >Jugendwoche 2024<\/a><\/h2>\n\n<div class=\"wp-block-post-excerpt\"><p class=\"wp-block-post-excerpt__excerpt\">Die Jugendwoche 2024 bricht mal wieder einen Rekord: Dieses Jahr hatten wir 45 Kinder am BSCF, die in 5 Gruppen trainierten bzw. das Segeln erlernten. Mit viel ehrenamtlichen Einsatz an Land und sehr engagierten Trainern auf dem Wasser haben wir den Kindern und Jugendlichen wieder eine erlebnisreiche Woche erm\u00f6glicht. Hier ein paar Eindr\u00fccke: <\/p><\/div>\n\n<div class=\"wp-block-post-date\"><time datetime=\"2024-06-01T20:15:36+02:00\">1. Juni 2024<\/time><\/div><\/div><\/div>\n\n<\/li><li class=\"wp-block-post post-4713 post type-post status-publish format-standard has-post-thumbnail hentry category-aktuelles category-club category-regatta tag-c2024\">\n\n<div class=\"wp-block-group\" style=\"padding-top:30px;padding-right:30px;padding-bottom:30px;padding-left:30px\"><div class=\"wp-block-group__inner-container is-layout-flow wp-block-group-is-layout-flow\"><h2 class=\"wp-block-post-title\"><a href=\"https:\/\/www.bscf-chiemsee.de\/wordpress\/?p=4713\" target=\"_self\" >Ansegeln 2024<\/a><\/h2>\n\n<div class=\"wp-block-post-excerpt\"><p class=\"wp-block-post-excerpt__excerpt\">Saisoner\u00f6ffnung mit Melderekord! 20 Schiffe fanden sich heute zum Ansegeln von dem BSCF zusammen.Nach dem obligatorischen Wei\u00dfwurstfr\u00fchst\u00fcck und einer kurzen Steuerleutebesprechung ging gegen 12:00 Uhr auf den Kurs. Der Anf\u00e4nglich schwache Ostwind stabilisierte sehr bald auf leichte, 1-2 Bft. &nbsp;Die angek\u00fcndigten Gewittert hatten Versp\u00e4tung und so konnten wir fast trocken die Wettfahrt zu Ende bringen.&hellip; <\/p><\/div>\n\n<div class=\"wp-block-post-date\"><time datetime=\"2024-06-09T23:16:23+02:00\">9. Juni 2024<\/time><\/div><\/div><\/div>\n\n<\/li><li class=\"wp-block-post post-4723 post type-post status-publish format-standard has-post-thumbnail hentry category-aktuelles category-club category-regatta tag-c2024 tag-plaetten\">\n\n<div class=\"wp-block-group\" style=\"padding-top:30px;padding-right:30px;padding-bottom:30px;padding-left:30px\"><div class=\"wp-block-group__inner-container is-layout-flow wp-block-group-is-layout-flow\"><h2 class=\"wp-block-post-title\"><a href=\"https:\/\/www.bscf-chiemsee.de\/wordpress\/?p=4723\" target=\"_self\" >Bernauer Pl\u00e4tten und Schratzen Pokal<\/a><\/h2>\n\n<div class=\"wp-block-post-excerpt\"><p class=\"wp-block-post-excerpt__excerpt\">Georg Hangel, Gerald Metz und R. Heistracher f\u00fchren die Chiemseepl\u00e4tten Meisterschaft 2024 an. Die Chiemseepl\u00e4tten Meisterschaft 2024 startete mit ihrer ersten von f\u00fcnf Regatten am 15. Juni beim Bernauer Segelclub Felden BSCF. F\u00fcr die 16 gemeldeten Teilnehmer verhie\u00df die Wind- und Wettervorhersage in den Vortagen mit bis zu 40 Knoten Windb\u00f6en nichts Gutes. Tats\u00e4chlich konnten&hellip; <\/p><\/div>\n\n<div class=\"wp-block-post-date\"><time datetime=\"2024-06-23T23:48:39+02:00\">23. Juni 2024<\/time><\/div><\/div><\/div>\n\n<\/li><li class=\"wp-block-post post-4727 post type-post status-publish format-standard has-post-thumbnail hentry category-aktuelles category-club tag-c2024\">\n\n<div class=\"wp-block-group\" style=\"padding-top:30px;padding-right:30px;padding-bottom:30px;padding-left:30px\"><div class=\"wp-block-group__inner-container is-layout-flow wp-block-group-is-layout-flow\"><h2 class=\"wp-block-post-title\"><a href=\"https:\/\/www.bscf-chiemsee.de\/wordpress\/?p=4727\" target=\"_self\" >Sommerfest 2024 &#8211; DOWN UNDER<\/a><\/h2>\n\n<div class=\"wp-block-post-excerpt\"><p class=\"wp-block-post-excerpt__excerpt\">Liebe Segelfreunde des BSCF, vielen Dank f\u00fcr Eure zahlreiche Teilnahme: 150 Mitglieder haben am Wochenende nach der Regatta mit uns den Sommer gefeiert! Das Motto &#8222;Down Under&#8220; wurde von einigen fantasievoll interpretiert, was die Stimmung mehr angeheizt hat als das Wetter. Das hingegen war freundlicher als erwartet, so dass wir zumindest trocken geblieben sind. Das&hellip; <\/p><\/div>\n\n<div class=\"wp-block-post-date\"><time datetime=\"2024-07-12T18:14:09+02:00\">12. Juli 2024<\/time><\/div><\/div><\/div>\n\n<\/li><li class=\"wp-block-post post-4758 post type-post status-publish format-standard has-post-thumbnail hentry category-club category-jugend tag-c2024\">\n\n<div class=\"wp-block-group\" style=\"padding-top:30px;padding-right:30px;padding-bottom:30px;padding-left:30px\"><div class=\"wp-block-group__inner-container is-layout-flow wp-block-group-is-layout-flow\"><h2 class=\"wp-block-post-title\"><a href=\"https:\/\/www.bscf-chiemsee.de\/wordpress\/?p=4758\" target=\"_self\" >Sommersegelwoche 2024<\/a><\/h2>\n\n<div class=\"wp-block-post-excerpt\"><p class=\"wp-block-post-excerpt__excerpt\">Dieses Jahr haben wir zum Ersten mal eine Sommersegelwoche f\u00fcr Anf\u00e4nger organisiert. 11 Kindern haben sich angemeldet und konnten in dieser Woche die Grundlagen des Segelns im Opti erlernen. Die ersten drei Tage hatten wir sehr sonniges aber leider windarmes Wetter, so dass wir intensiv das Kentern und Theorie lernen konnten. Dies hat sich dann&hellip; <\/p><\/div>\n\n<div class=\"wp-block-post-date\"><time datetime=\"2024-08-03T20:15:31+02:00\">3. August 2024<\/time><\/div><\/div><\/div>\n\n<\/li><li class=\"wp-block-post post-4778 post type-post status-publish format-standard has-post-thumbnail hentry category-aktuelles category-club category-jugend tag-c2024\">\n\n<div class=\"wp-block-group\" style=\"padding-top:30px;padding-right:30px;padding-bottom:30px;padding-left:30px\"><div class=\"wp-block-group__inner-container is-layout-flow wp-block-group-is-layout-flow\"><h2 class=\"wp-block-post-title\"><a href=\"https:\/\/www.bscf-chiemsee.de\/wordpress\/?p=4778\" target=\"_self\" >Herbstpokal des S\u00fcdens 2024<\/a><\/h2>\n\n<div class=\"wp-block-post-excerpt\"><p class=\"wp-block-post-excerpt__excerpt\">Am 19. und 20. Oktober fanden knapp 120 Optisegler, zu einer der gr\u00f6\u00dften Optiregatten S\u00fcddeutschlands, Ihren Weg an den Chiemsee zum BSCF und dem Co-Ausrichter CYC. Am Samstag konnten die beiden Wettfahrtteams 4 (Opti A) bzw. 3 (Opti B) Wettfahrten \u00fcber die Bahn bringen. Am Sonntag konnte wegen anhaltendem Windmangels leider nicht mehr gesegelt werden.&hellip; <\/p><\/div>\n\n<div class=\"wp-block-post-date\"><time datetime=\"2024-10-27T00:21:24+02:00\">27. Oktober 2024<\/time><\/div><\/div><\/div>\n\n<\/li><li class=\"wp-block-post post-4786 post type-post status-publish format-standard has-post-thumbnail hentry category-aktuelles category-club tag-c2024\">\n\n<div class=\"wp-block-group\" style=\"padding-top:30px;padding-right:30px;padding-bottom:30px;padding-left:30px\"><div class=\"wp-block-group__inner-container is-layout-flow wp-block-group-is-layout-flow\"><h2 class=\"wp-block-post-title\"><a href=\"https:\/\/www.bscf-chiemsee.de\/wordpress\/?p=4786\" target=\"_self\" >Saison Ende<\/a><\/h2>\n\n<div class=\"wp-block-post-excerpt\"><p class=\"wp-block-post-excerpt__excerpt\">Mit dem gemeindlichen Kranen am Freitag ist die Segelsaison 2024 zu Ende gegangen.Wir w\u00fcnschen allen Mitgliedern und Freunden des BSCF eine tolle Wintersaison und freuen uns schon auf den Fr\u00fchling, wenn die Schiffe wieder ins Wasser d\u00fcrfen! <\/p><\/div>\n\n<div class=\"wp-block-post-date\"><time datetime=\"2024-10-27T00:54:43+02:00\">27. Oktober 2024<\/time><\/div><\/div><\/div>\n\n<\/li><li class=\"wp-block-post post-4800 post type-post status-publish format-standard has-post-thumbnail hentry category-aktuelles category-club category-jugend tag-c2024\">\n\n<div class=\"wp-block-group\" style=\"padding-top:30px;padding-right:30px;padding-bottom:30px;padding-left:30px\"><div class=\"wp-block-group__inner-container is-layout-flow wp-block-group-is-layout-flow\"><h2 class=\"wp-block-post-title\"><a href=\"https:\/\/www.bscf-chiemsee.de\/wordpress\/?p=4800\" target=\"_self\" >Einwintern der Jugend<\/a><\/h2>\n\n<div class=\"wp-block-post-excerpt\"><p class=\"wp-block-post-excerpt__excerpt\">Am letzten Samstag hat auch unsere Jugend die Saison 2024 beendet. Beim gemeinsamen Einwintern wurden erst alle Segel ordentlich aufgerollt und anschlie\u00dfend alle Trainigsboote in die Bootshalle ger\u00e4umt. Dabei mu\u00dfte im wahrsten Sinne des Wortes, die Luft aus manchem Boot gelassen werden, damit noch alles in die Halle passt. Jetzt ist alles verstaut und wartet&hellip; <\/p><\/div>\n\n<div class=\"wp-block-post-date\"><time datetime=\"2024-11-17T22:18:46+01:00\">17. November 2024<\/time><\/div><\/div><\/div>\n\n<\/li><li class=\"wp-block-post post-4803 post type-post status-publish format-standard has-post-thumbnail hentry category-aktuelles category-club category-regatta tag-c2024\">\n\n<div class=\"wp-block-group\" style=\"padding-top:30px;padding-right:30px;padding-bottom:30px;padding-left:30px\"><div class=\"wp-block-group__inner-container is-layout-flow wp-block-group-is-layout-flow\"><h2 class=\"wp-block-post-title\"><a href=\"https:\/\/www.bscf-chiemsee.de\/wordpress\/?p=4803\" target=\"_self\" >Dankesch\u00f6n Essen der Helfer<\/a><\/h2>\n\n<div class=\"wp-block-post-excerpt\"><p class=\"wp-block-post-excerpt__excerpt\">Am 16.11.24 hatte Todd die Helfer der Saison 2024 zu einem dankesch\u00f6n Essen in den Club eingeladen. \u00dcber 20 der vielen BSCF-Helfer waren dem Ruf gefolgt und wurden von Marion und Ihrem Team wieder liebevollst versorgt. Bei guter Stimmung wurden die gemeinsamen Erlebnisse der letzte Sasion noch einmal aufgefrischt. Gleichzeitig stimmte der Sportwart alle Anwesenden&hellip; <\/p><\/div>\n\n<div class=\"wp-block-post-date\"><time datetime=\"2024-11-17T23:12:46+01:00\">17. November 2024<\/time><\/div><\/div><\/div>\n\n<\/li><li class=\"wp-block-post post-4821 post type-post status-publish format-standard has-post-thumbnail hentry category-aktuelles category-club category-regatta tag-c2024 tag-clubmeister tag-derblecken tag-saison-2024 tag-schrottwichtln tag-weihnachtsfeier\">\n\n<div class=\"wp-block-group\" style=\"padding-top:30px;padding-right:30px;padding-bottom:30px;padding-left:30px\"><div class=\"wp-block-group__inner-container is-layout-flow wp-block-group-is-layout-flow\"><h2 class=\"wp-block-post-title\"><a href=\"https:\/\/www.bscf-chiemsee.de\/wordpress\/?p=4821\" target=\"_self\" >Weihnachtsfeier 2024<\/a><\/h2>\n\n<div class=\"wp-block-post-excerpt\"><p class=\"wp-block-post-excerpt__excerpt\">Auf der auch dieses Jahr wieder sehr gelungenen Weihnachtsfeier des BSCF, jagte ein Act gleich den N\u00e4chsten. Ob es das Derblecken von Daniela, Melanie, Susanne, Andy und Georg war, die die letzte Saison noch mal liebevoll kommentierten, die &#8222;fiesen&#8220; Fragen von Micky zu allen m\u00f6glichen Suituationen rund ums Segeln oder das Schrottwichtln, immer war die&hellip; <\/p><\/div>\n\n<div class=\"wp-block-post-date\"><time datetime=\"2024-12-11T19:26:43+01:00\">11. Dezember 2024<\/time><\/div><\/div><\/div>\n\n<\/li><\/ul><\/div>\n\n\n\n<p><\/p>\n","protected":false},"excerpt":{"rendered":"<p>Vorstand 1. Vorsitzender: Todd Martin 2. Vorsitzender: Oskar Deibert Kassier: Rudi Grichtmaier Schriftf\u00fchrer: Alexander Brandstetter Sportwart: Stephan Roth Jugendleiter: Michael Martin Hafenwart: Paul Winkler Umweltschutz-Beauftragter: Peter Wernsd\u00f6rfer Mitglieder Insgesamt 381 Mitglieder Erwachsene: 280 (+8) Jugendliche (-18): 101 (+2) Verstorbene Mitglieder keine Beitr\u00e4ge<\/p>\n","protected":false},"author":1,"featured_media":0,"parent":0,"menu_order":0,"comment_status":"closed","ping_status":"closed","template":"","meta":{"footnotes":""},"class_list":["post-4832","page","type-page","status-publish","hentry"],"_links":{"self":[{"href":"https:\/\/www.bscf-chiemsee.de\/wordpress\/index.php?rest_route=\/wp\/v2\/pages\/4832","targetHints":{"allow":["GET"]}}],"collection":[{"href":"https:\/\/www.bscf-chiemsee.de\/wordpress\/index.php?rest_route=\/wp\/v2\/pages"}],"about":[{"href":"https:\/\/www.bscf-chiemsee.de\/wordpress\/index.php?rest_route=\/wp\/v2\/types\/page"}],"author":[{"embeddable":true,"href":"https:\/\/www.bscf-chiemsee.de\/wordpress\/index.php?rest_route=\/wp\/v2\/users\/1"}],"replies":[{"embeddable":true,"href":"https:\/\/www.bscf-chiemsee.de\/wordpress\/index.php?rest_route=%2Fwp%2Fv2%2Fcomments&post=4832"}],"version-history":[{"count":6,"href":"https:\/\/www.bscf-chiemsee.de\/wordpress\/index.php?rest_route=\/wp\/v2\/pages\/4832\/revisions"}],"predecessor-version":[{"id":4843,"href":"https:\/\/www.bscf-chiemsee.de\/wordpress\/index.php?rest_route=\/wp\/v2\/pages\/4832\/revisions\/4843"}],"wp:attachment":[{"href":"https:\/\/www.bscf-chiemsee.de\/wordpress\/index.php?rest_route=%2Fwp%2Fv2%2Fmedia&parent=4832"}],"curies":[{"name":"wp","href":"https:\/\/api.w.org\/{rel}","templated":true}]}}