{"id":4998,"date":"2026-01-11T17:53:20","date_gmt":"2026-01-11T16:53:20","guid":{"rendered":"https:\/\/www.bscf-chiemsee.de\/wordpress\/?page_id=4998"},"modified":"2026-01-12T11:00:36","modified_gmt":"2026-01-12T10:00:36","slug":"vereinschronik-2025","status":"publish","type":"page","link":"https:\/\/www.bscf-chiemsee.de\/wordpress\/?page_id=4998","title":{"rendered":"Vereinschronik 2025"},"content":{"rendered":"\n<figure class=\"wp-block-image size-full\"><a href=\"https:\/\/www.bscf-chiemsee.de\/wordpress\/wp-content\/uploads\/2022\/05\/BSCF-Logo-q-edited.gif\"><img loading=\"lazy\" decoding=\"async\" width=\"512\" height=\"341\" src=\"https:\/\/www.bscf-chiemsee.de\/wordpress\/wp-content\/uploads\/2022\/05\/BSCF-Logo-q-edited.gif\" alt=\"\" class=\"wp-image-3748\"\/><\/a><\/figure>\n\n\n\n<h2 class=\"wp-block-heading\">Der Vorstand<\/h2>\n\n\n\n<figure class=\"wp-block-table\"><table><tbody><tr><td class=\"has-text-align-left\" data-align=\"left\">1. Vorsitzender:<\/td><td><\/td><td>Todd Martin<\/td><\/tr><tr><td class=\"has-text-align-left\" data-align=\"left\">2. Vorsitzender:<\/td><td><\/td><td>Oskar Deibert<\/td><\/tr><tr><td class=\"has-text-align-left\" data-align=\"left\">Kassier:<\/td><td><\/td><td>Rudi Grichtmaier<\/td><\/tr><tr><td class=\"has-text-align-left\" data-align=\"left\">Schriftf\u00fchrer:<\/td><td><\/td><td>Alexander Brandstetter<\/td><\/tr><tr><td class=\"has-text-align-left\" data-align=\"left\">Sportwart:<\/td><td><\/td><td>Stephan Roth<\/td><\/tr><tr><td class=\"has-text-align-left\" data-align=\"left\">Jugendleiter:<\/td><td><\/td><td>Michael Martin<\/td><\/tr><tr><td class=\"has-text-align-left\" data-align=\"left\">Hafenwart:<\/td><td><\/td><td>Paul Winkler<\/td><\/tr><tr><td class=\"has-text-align-left\" data-align=\"left\"><\/td><td><\/td><td><\/td><\/tr><tr><td class=\"has-text-align-left\" data-align=\"left\">Umweltschutz-Beauftragter:<\/td><td><\/td><td>Peter Wernsd\u00f6rfer<\/td><\/tr><\/tbody><\/table><\/figure>\n\n\n\n<h2 class=\"wp-block-heading\">Mitglieder<\/h2>\n\n\n\n<p class=\"has-text-align-center\"><strong>Insgesamt 381 Mitglieder<\/strong><\/p>\n\n\n\n<figure class=\"wp-block-table\"><table><tbody><tr><td>Erwachsene:<\/td><td>311 (M:203, W:108)<\/td><\/tr><tr><td>Jugendliche (-18):<\/td><td>70 (M:48, W:22)<\/td><\/tr><\/tbody><\/table><\/figure>\n\n\n\n<h2 class=\"wp-block-heading\">Verstorbene<\/h2>\n\n\n\n<figure class=\"wp-block-table\"><table><tbody><tr><td>Werner Lederm\u00fcller<\/td><td>13.06.2025<\/td><\/tr><tr><td>Eberhard Leese<\/td><td>26.04.2025<\/td><\/tr><\/tbody><\/table><\/figure>\n\n\n\n<h2 class=\"wp-block-heading\">Beitr\u00e4ge<\/h2>\n\n\n\n<div class=\"wp-block-query is-layout-flow wp-block-query-is-layout-flow\"><ul class=\"columns-3 wp-block-post-template is-layout-grid wp-container-core-post-template-is-layout-6d3fbd8f wp-block-post-template-is-layout-grid\"><li class=\"wp-block-post post-4865 post type-post status-publish format-standard has-post-thumbnail hentry category-club tag-c2025\">\n\n<div class=\"wp-block-group\" style=\"padding-top:30px;padding-right:30px;padding-bottom:30px;padding-left:30px\"><div class=\"wp-block-group__inner-container is-layout-flow wp-block-group-is-layout-flow\"><h2 class=\"wp-block-post-title\"><a href=\"https:\/\/www.bscf-chiemsee.de\/wordpress\/?p=4865\" target=\"_self\" >Die Saison 2025 hat bgonnen<\/a><\/h2>\n\n<div class=\"wp-block-post-excerpt\"><p class=\"wp-block-post-excerpt__excerpt\">Am Sonntag den 2.3.2025 waren wieder die Mini-Cupper zu Besuch im BSCF. Die 1,3m langen ferngesteuerten Modelyachten konnten dieses Jahr bei Ostwind mit 2-4Bft 8 sch\u00f6ne Wettfahrten bestreiten. In Diesen gelang es Gerd Diederich vom Segel- und Ruderclub Simssee (SRS), alleine 5 Wettfahrten f\u00fcr sich zu entscheiden, sodass er zu den letzten beiden Wettfahrten gar&hellip; <\/p><\/div>\n\n<div class=\"wp-block-post-date\"><time datetime=\"2025-03-02T20:44:06+01:00\">2. M\u00e4rz 2025<\/time><\/div><\/div><\/div>\n\n<\/li><li class=\"wp-block-post post-4898 post type-post status-publish format-standard has-post-thumbnail hentry category-aktuelles category-club category-jugend category-neu category-regatta tag-bscf tag-bscf-jugend tag-c2025 tag-jugend\">\n\n<div class=\"wp-block-group\" style=\"padding-top:30px;padding-right:30px;padding-bottom:30px;padding-left:30px\"><div class=\"wp-block-group__inner-container is-layout-flow wp-block-group-is-layout-flow\"><h2 class=\"wp-block-post-title\"><a href=\"https:\/\/www.bscf-chiemsee.de\/wordpress\/?p=4898\" target=\"_self\" >Saisonsstart der Jugend<\/a><\/h2>\n\n<div class=\"wp-block-post-excerpt\"><p class=\"wp-block-post-excerpt__excerpt\">Am Sonntag ging es endlich f\u00fcr die Jugendabteilung los. Nach der Arbeit, bzw. dem Auswintern der Jugendboote, ging es f\u00fcr uns direkt aufs Wasser. Erst einzeln auf Optis und Laser verteilt, sp\u00e4ter gemeinsam auf ein weniger kaltnasses Kielboot. Kurz vor Sonnenuntergang kamen wir nochmal alle im Rahmen der Jugendhauptversammlung zusammen. Drau\u00dfen auf der Sonnenterasse versteht&hellip; <\/p><\/div>\n\n<div class=\"wp-block-post-date\"><time datetime=\"2025-04-07T21:47:23+02:00\">7. April 2025<\/time><\/div><\/div><\/div>\n\n<\/li><li class=\"wp-block-post post-4920 post type-post status-publish format-standard has-post-thumbnail hentry category-aktuelles category-neu category-regatta tag-c2025\">\n\n<div class=\"wp-block-group\" style=\"padding-top:30px;padding-right:30px;padding-bottom:30px;padding-left:30px\"><div class=\"wp-block-group__inner-container is-layout-flow wp-block-group-is-layout-flow\"><h2 class=\"wp-block-post-title\"><a href=\"https:\/\/www.bscf-chiemsee.de\/wordpress\/?p=4920\" target=\"_self\" >BSCF am Neunburger See (lac de Neuchatel) &#8211; zu Gast beim CVE (Cercle de la Voile d&#8217;Estavayer)<\/a><\/h2>\n\n<div class=\"wp-block-post-excerpt\"><p class=\"wp-block-post-excerpt__excerpt\">Vom 30.5. bis 8.6. fand das j\u00e4hrliche Training der Saphire 27 Klassenvereinigung dieses Jahr in der Westschweiz statt. Herzlich empfangen wurden wir vom CVE am ersten Abend mit einem Ap\u00e9ro. Veit und G\u00f6tz sind mit Sinop\u00e9 (GER16) angereist, Iris und Todd waren auf Aella (GER 17) als Mitsegler aktiv. Neben dem Training und den sozialen&hellip; <\/p><\/div>\n\n<div class=\"wp-block-post-date\"><time datetime=\"2025-06-15T14:01:19+02:00\">15. Juni 2025<\/time><\/div><\/div><\/div>\n\n<\/li><li class=\"wp-block-post post-4928 post type-post status-publish format-standard has-post-thumbnail hentry category-aktuelles category-club category-jugend category-neu tag-c2025\">\n\n<div class=\"wp-block-group\" style=\"padding-top:30px;padding-right:30px;padding-bottom:30px;padding-left:30px\"><div class=\"wp-block-group__inner-container is-layout-flow wp-block-group-is-layout-flow\"><h2 class=\"wp-block-post-title\"><a href=\"https:\/\/www.bscf-chiemsee.de\/wordpress\/?p=4928\" target=\"_self\" >Bericht zur Jugendwoche 2025<\/a><\/h2>\n\n<div class=\"wp-block-post-excerpt\"><p class=\"wp-block-post-excerpt__excerpt\">Wie jedes Jahr fand unsere Jugendwoche in der zweiten Woche der Pfingstferien statt \u2013 und diesmal unter nahezu idealen Bedingungen. Die Sonne lachte vom Himmel, der Wind spielte mit, und das Wetter h\u00e4tte besser kaum sein k\u00f6nnen. Insgesamt nahmen knapp 40 Kinder und Jugendliche an der Jugendwoche teil. Sie wurden in vier Gruppen eingeteilt \u2013&hellip; <\/p><\/div>\n\n<div class=\"wp-block-post-date\"><time datetime=\"2025-06-23T11:31:35+02:00\">23. Juni 2025<\/time><\/div><\/div><\/div>\n\n<\/li><li class=\"wp-block-post post-4943 post type-post status-publish format-standard has-post-thumbnail hentry category-aktuelles category-jugend category-neu category-regatta tag-bscf tag-bscf-jugend tag-c2025\">\n\n<div class=\"wp-block-group\" style=\"padding-top:30px;padding-right:30px;padding-bottom:30px;padding-left:30px\"><div class=\"wp-block-group__inner-container is-layout-flow wp-block-group-is-layout-flow\"><h2 class=\"wp-block-post-title\"><a href=\"https:\/\/www.bscf-chiemsee.de\/wordpress\/?p=4943\" target=\"_self\" >1 und 2 an den BSCF<\/a><\/h2>\n\n<div class=\"wp-block-post-excerpt\"><p class=\"wp-block-post-excerpt__excerpt\">ASC Opti Trophy: Olli 1. Platz, Marius 2. Platz &#8211; die Flautensegler vom Chiemsee haben abger\u00e4umt. <\/p><\/div>\n\n<div class=\"wp-block-post-date\"><time datetime=\"2025-06-30T09:14:18+02:00\">30. Juni 2025<\/time><\/div><\/div><\/div>\n\n<\/li><li class=\"wp-block-post post-4946 post type-post status-publish format-standard has-post-thumbnail hentry category-aktuelles category-club category-jugend category-neu tag-c2025\">\n\n<div class=\"wp-block-group\" style=\"padding-top:30px;padding-right:30px;padding-bottom:30px;padding-left:30px\"><div class=\"wp-block-group__inner-container is-layout-flow wp-block-group-is-layout-flow\"><h2 class=\"wp-block-post-title\"><a href=\"https:\/\/www.bscf-chiemsee.de\/wordpress\/?p=4946\" target=\"_self\" >Bernauer Jugend-Segelwoche<\/a><\/h2>\n\n<div class=\"wp-block-post-excerpt\"><p class=\"wp-block-post-excerpt__excerpt\">Idealste Bedingungen, gro\u00dfer Spa\u00df \u201eIdealste Bedingungen;\u201c Jugendwart Mickey Martin vom Bernauer Segel-Club e.V. Felden (BSCF) zeigt sich am Ende der Jugend-Segelwoche total begeistert. Die zweite Pfingstferien-Woche nutzt der BSCF traditionell, um Kinder und Jugendliche f\u00fcr den Segelsport zu begeistern. 38 Teilnehmer von sechs bis 16 Jahre kamen in Felden f\u00fcr f\u00fcnf Tage zusammen. Schwerpunkt der&hellip; <\/p><\/div>\n\n<div class=\"wp-block-post-date\"><time datetime=\"2025-06-30T22:10:51+02:00\">30. Juni 2025<\/time><\/div><\/div><\/div>\n\n<\/li><li class=\"wp-block-post post-4971 post type-post status-publish format-standard has-post-thumbnail hentry category-aktuelles category-jugend category-neu category-regatta tag-c2025\">\n\n<div class=\"wp-block-group\" style=\"padding-top:30px;padding-right:30px;padding-bottom:30px;padding-left:30px\"><div class=\"wp-block-group__inner-container is-layout-flow wp-block-group-is-layout-flow\"><h2 class=\"wp-block-post-title\"><a href=\"https:\/\/www.bscf-chiemsee.de\/wordpress\/?p=4971\" target=\"_self\" >3x BSCF zur Sommerregatta am Walchensee<\/a><\/h2>\n\n<div class=\"wp-block-post-excerpt\"><p class=\"wp-block-post-excerpt__excerpt\">Am vergangenen Wochenende fand bei traumhaftem Wetter die diesj\u00e4hrige Sommerregatta am Segelclub Walchensee statt. Bei Sonnenschein, konstantem Wind und hervorragender Verpflegung konnten f\u00fcnf spannende Wettfahrten gesegelt werden. Am Start waren verschiedene Bootsklassen, darunter Musto Skiffs, Europas, Motten und 29er, was f\u00fcr ein buntes und abwechslungsreiches Regattafeld sorgte. Besonders erfreulich war die Leistung der BSCF Talente:&hellip; <\/p><\/div>\n\n<div class=\"wp-block-post-date\"><time datetime=\"2025-07-20T21:52:41+02:00\">20. Juli 2025<\/time><\/div><\/div><\/div>\n\n<\/li><\/ul><\/div>\n","protected":false},"excerpt":{"rendered":"<p>Der Vorstand 1. Vorsitzender: Todd Martin 2. Vorsitzender: Oskar Deibert Kassier: Rudi Grichtmaier Schriftf\u00fchrer: Alexander Brandstetter Sportwart: Stephan Roth Jugendleiter: Michael Martin Hafenwart: Paul Winkler Umweltschutz-Beauftragter: Peter Wernsd\u00f6rfer Mitglieder Insgesamt 381 Mitglieder Erwachsene: 311 (M:203, W:108) Jugendliche (-18): 70 (M:48, W:22) Verstorbene Werner Lederm\u00fcller 13.06.2025 Eberhard Leese 26.04.2025 Beitr\u00e4ge<\/p>\n","protected":false},"author":1,"featured_media":0,"parent":0,"menu_order":0,"comment_status":"closed","ping_status":"closed","template":"","meta":{"footnotes":""},"class_list":["post-4998","page","type-page","status-publish","hentry"],"_links":{"self":[{"href":"https:\/\/www.bscf-chiemsee.de\/wordpress\/index.php?rest_route=\/wp\/v2\/pages\/4998","targetHints":{"allow":["GET"]}}],"collection":[{"href":"https:\/\/www.bscf-chiemsee.de\/wordpress\/index.php?rest_route=\/wp\/v2\/pages"}],"about":[{"href":"https:\/\/www.bscf-chiemsee.de\/wordpress\/index.php?rest_route=\/wp\/v2\/types\/page"}],"author":[{"embeddable":true,"href":"https:\/\/www.bscf-chiemsee.de\/wordpress\/index.php?rest_route=\/wp\/v2\/users\/1"}],"replies":[{"embeddable":true,"href":"https:\/\/www.bscf-chiemsee.de\/wordpress\/index.php?rest_route=%2Fwp%2Fv2%2Fcomments&post=4998"}],"version-history":[{"count":3,"href":"https:\/\/www.bscf-chiemsee.de\/wordpress\/index.php?rest_route=\/wp\/v2\/pages\/4998\/revisions"}],"predecessor-version":[{"id":5005,"href":"https:\/\/www.bscf-chiemsee.de\/wordpress\/index.php?rest_route=\/wp\/v2\/pages\/4998\/revisions\/5005"}],"wp:attachment":[{"href":"https:\/\/www.bscf-chiemsee.de\/wordpress\/index.php?rest_route=%2Fwp%2Fv2%2Fmedia&parent=4998"}],"curies":[{"name":"wp","href":"https:\/\/api.w.org\/{rel}","templated":true}]}}