{"id":4193,"date":"2023-02-25T22:05:51","date_gmt":"2023-02-25T21:05:51","guid":{"rendered":"https:\/\/www.bscf-chiemsee.de\/wordpress\/?post_type=product&#038;p=4193"},"modified":"2023-03-10T20:24:22","modified_gmt":"2023-03-10T19:24:22","slug":"cap","status":"publish","type":"product","link":"https:\/\/www.bscf-chiemsee.de\/wordpress\/?product=cap","title":{"rendered":"Cap"},"content":{"rendered":"<p>Eigenschaften<\/p>\n<ul>\n<li>Logo: gestickt<\/li>\n<li>Gr\u00f6\u00dfe: One-size<\/li>\n<li>Farbe: navy<\/li>\n<\/ul>\n<p>Beschreibung vom Hersteller:<\/p>\n<ul>\n<li>6 Ziern\u00e4hte am Schild<\/li>\n<li>gef\u00fcttertes Schwei\u00dfband aus Satin<\/li>\n<li>Frontpanele laminiert<\/li>\n<li>6 gestickte Luftl\u00f6cher<\/li>\n<li>Metallclipverschluss in matt Silber mit gestickter \u00d6se<\/li>\n<\/ul>\n","protected":false},"excerpt":{"rendered":"<p>Eigenschaften Logo: gestickt Gr\u00f6\u00dfe: One-size Farbe: navy Beschreibung vom Hersteller: 6 Ziern\u00e4hte am Schild gef\u00fcttertes Schwei\u00dfband aus Satin Frontpanele laminiert 6 gestickte Luftl\u00f6cher Metallclipverschluss in matt Silber mit gestickter \u00d6se<\/p>\n","protected":false},"featured_media":4195,"comment_status":"open","ping_status":"closed","template":"","meta":[],"product_brand":[],"product_cat":[102],"product_tag":[],"class_list":{"0":"post-4193","1":"product","2":"type-product","3":"status-publish","4":"has-post-thumbnail","6":"product_cat-jugendteam","8":"first","9":"instock","10":"shipping-taxable","11":"purchasable","12":"product-type-variable"},"_links":{"self":[{"href":"https:\/\/www.bscf-chiemsee.de\/wordpress\/index.php?rest_route=\/wp\/v2\/product\/4193","targetHints":{"allow":["GET"]}}],"collection":[{"href":"https:\/\/www.bscf-chiemsee.de\/wordpress\/index.php?rest_route=\/wp\/v2\/product"}],"about":[{"href":"https:\/\/www.bscf-chiemsee.de\/wordpress\/index.php?rest_route=\/wp\/v2\/types\/product"}],"replies":[{"embeddable":true,"href":"https:\/\/www.bscf-chiemsee.de\/wordpress\/index.php?rest_route=%2Fwp%2Fv2%2Fcomments&post=4193"}],"wp:featuredmedia":[{"embeddable":true,"href":"https:\/\/www.bscf-chiemsee.de\/wordpress\/index.php?rest_route=\/wp\/v2\/media\/4195"}],"wp:attachment":[{"href":"https:\/\/www.bscf-chiemsee.de\/wordpress\/index.php?rest_route=%2Fwp%2Fv2%2Fmedia&parent=4193"}],"wp:term":[{"taxonomy":"product_brand","embeddable":true,"href":"https:\/\/www.bscf-chiemsee.de\/wordpress\/index.php?rest_route=%2Fwp%2Fv2%2Fproduct_brand&post=4193"},{"taxonomy":"product_cat","embeddable":true,"href":"https:\/\/www.bscf-chiemsee.de\/wordpress\/index.php?rest_route=%2Fwp%2Fv2%2Fproduct_cat&post=4193"},{"taxonomy":"product_tag","embeddable":true,"href":"https:\/\/www.bscf-chiemsee.de\/wordpress\/index.php?rest_route=%2Fwp%2Fv2%2Fproduct_tag&post=4193"}],"curies":[{"name":"wp","href":"https:\/\/api.w.org\/{rel}","templated":true}]}}