{"id":4197,"date":"2023-02-25T22:45:30","date_gmt":"2023-02-25T21:45:30","guid":{"rendered":"https:\/\/www.bscf-chiemsee.de\/wordpress\/?post_type=product&#038;p=4197"},"modified":"2023-03-10T20:23:20","modified_gmt":"2023-03-10T19:23:20","slug":"softshell-jacke","status":"publish","type":"product","link":"https:\/\/www.bscf-chiemsee.de\/wordpress\/?product=softshell-jacke","title":{"rendered":"Softshell Jacke &#8211; Kids"},"content":{"rendered":"<p>Eigenschaften<\/p>\n<ul>\n<li>Logo: gestickt<\/li>\n<li>Farbe: schwarz<\/li>\n<\/ul>\n<p>Beschreibung vom Hersteller<\/p>\n<ul>\n<li>96% Polyester, 4% Elasthan 280 g\/m2<\/li>\n<li>Softshelljacke mit 3 Au\u00dfen- und 2 Innentaschen<\/li>\n<li>Ton-in-Ton Rei\u00dfverschl\u00fcsse<\/li>\n<li>elastischer Abschluss an Bund und \u00c4rmelb\u00fcndchen<\/li>\n<li>waschbar bis 30\u00b0C<\/li>\n<\/ul>\n","protected":false},"excerpt":{"rendered":"<p>Eigenschaften Logo: gestickt Farbe: schwarz Beschreibung vom Hersteller 96% Polyester, 4% Elasthan 280 g\/m2 Softshelljacke mit 3 Au\u00dfen- und 2 Innentaschen Ton-in-Ton Rei\u00dfverschl\u00fcsse elastischer Abschluss an Bund und \u00c4rmelb\u00fcndchen waschbar bis 30\u00b0C<\/p>\n","protected":false},"featured_media":4198,"comment_status":"open","ping_status":"closed","template":"","meta":[],"product_brand":[],"product_cat":[103,101],"product_tag":[],"class_list":{"0":"post-4197","1":"product","2":"type-product","3":"status-publish","4":"has-post-thumbnail","6":"product_cat-bscf","7":"product_cat-clothes","9":"first","10":"instock","11":"shipping-taxable","12":"purchasable","13":"product-type-variable"},"_links":{"self":[{"href":"https:\/\/www.bscf-chiemsee.de\/wordpress\/index.php?rest_route=\/wp\/v2\/product\/4197","targetHints":{"allow":["GET"]}}],"collection":[{"href":"https:\/\/www.bscf-chiemsee.de\/wordpress\/index.php?rest_route=\/wp\/v2\/product"}],"about":[{"href":"https:\/\/www.bscf-chiemsee.de\/wordpress\/index.php?rest_route=\/wp\/v2\/types\/product"}],"replies":[{"embeddable":true,"href":"https:\/\/www.bscf-chiemsee.de\/wordpress\/index.php?rest_route=%2Fwp%2Fv2%2Fcomments&post=4197"}],"wp:featuredmedia":[{"embeddable":true,"href":"https:\/\/www.bscf-chiemsee.de\/wordpress\/index.php?rest_route=\/wp\/v2\/media\/4198"}],"wp:attachment":[{"href":"https:\/\/www.bscf-chiemsee.de\/wordpress\/index.php?rest_route=%2Fwp%2Fv2%2Fmedia&parent=4197"}],"wp:term":[{"taxonomy":"product_brand","embeddable":true,"href":"https:\/\/www.bscf-chiemsee.de\/wordpress\/index.php?rest_route=%2Fwp%2Fv2%2Fproduct_brand&post=4197"},{"taxonomy":"product_cat","embeddable":true,"href":"https:\/\/www.bscf-chiemsee.de\/wordpress\/index.php?rest_route=%2Fwp%2Fv2%2Fproduct_cat&post=4197"},{"taxonomy":"product_tag","embeddable":true,"href":"https:\/\/www.bscf-chiemsee.de\/wordpress\/index.php?rest_route=%2Fwp%2Fv2%2Fproduct_tag&post=4197"}],"curies":[{"name":"wp","href":"https:\/\/api.w.org\/{rel}","templated":true}]}}