{"id":4218,"date":"2023-03-03T20:45:30","date_gmt":"2023-03-03T19:45:30","guid":{"rendered":"https:\/\/www.bscf-chiemsee.de\/wordpress\/?post_type=product&#038;p=4218"},"modified":"2023-03-10T20:20:21","modified_gmt":"2023-03-10T19:20:21","slug":"hoodie-kids","status":"publish","type":"product","link":"https:\/\/www.bscf-chiemsee.de\/wordpress\/?product=hoodie-kids","title":{"rendered":"Hoodie &#8211; Kids"},"content":{"rendered":"<p>Eigenschaften:<\/p>\n<ul>\n<li>Logo: Druck<\/li>\n<li>Farbe: T\u00fcrkies<\/li>\n<\/ul>\n<p>Beschreibung vom Hersteller:<\/p>\n<ul>\n<li>2-lagige Kapuze mit Kordelzug<\/li>\n<li>Nackenband<\/li>\n<li>B\u00fcndchen mit Elasthan<\/li>\n<li>K\u00e4ngurutasche<\/li>\n<li>innen angeraut<\/li>\n<li>TearAway Label<\/li>\n<\/ul>\n","protected":false},"excerpt":{"rendered":"<p>Eigenschaften: Logo: Druck Farbe: T\u00fcrkies Beschreibung vom Hersteller: 2-lagige Kapuze mit Kordelzug Nackenband B\u00fcndchen mit Elasthan K\u00e4ngurutasche innen angeraut TearAway Label<\/p>\n","protected":false},"featured_media":4215,"comment_status":"open","ping_status":"closed","template":"","meta":[],"product_brand":[],"product_cat":[102,101],"product_tag":[],"class_list":{"0":"post-4218","1":"product","2":"type-product","3":"status-publish","4":"has-post-thumbnail","6":"product_cat-jugendteam","7":"product_cat-clothes","9":"first","10":"instock","11":"shipping-taxable","12":"purchasable","13":"product-type-variable"},"_links":{"self":[{"href":"https:\/\/www.bscf-chiemsee.de\/wordpress\/index.php?rest_route=\/wp\/v2\/product\/4218","targetHints":{"allow":["GET"]}}],"collection":[{"href":"https:\/\/www.bscf-chiemsee.de\/wordpress\/index.php?rest_route=\/wp\/v2\/product"}],"about":[{"href":"https:\/\/www.bscf-chiemsee.de\/wordpress\/index.php?rest_route=\/wp\/v2\/types\/product"}],"replies":[{"embeddable":true,"href":"https:\/\/www.bscf-chiemsee.de\/wordpress\/index.php?rest_route=%2Fwp%2Fv2%2Fcomments&post=4218"}],"wp:featuredmedia":[{"embeddable":true,"href":"https:\/\/www.bscf-chiemsee.de\/wordpress\/index.php?rest_route=\/wp\/v2\/media\/4215"}],"wp:attachment":[{"href":"https:\/\/www.bscf-chiemsee.de\/wordpress\/index.php?rest_route=%2Fwp%2Fv2%2Fmedia&parent=4218"}],"wp:term":[{"taxonomy":"product_brand","embeddable":true,"href":"https:\/\/www.bscf-chiemsee.de\/wordpress\/index.php?rest_route=%2Fwp%2Fv2%2Fproduct_brand&post=4218"},{"taxonomy":"product_cat","embeddable":true,"href":"https:\/\/www.bscf-chiemsee.de\/wordpress\/index.php?rest_route=%2Fwp%2Fv2%2Fproduct_cat&post=4218"},{"taxonomy":"product_tag","embeddable":true,"href":"https:\/\/www.bscf-chiemsee.de\/wordpress\/index.php?rest_route=%2Fwp%2Fv2%2Fproduct_tag&post=4218"}],"curies":[{"name":"wp","href":"https:\/\/api.w.org\/{rel}","templated":true}]}}